{"id":4070,"date":"2024-10-17T11:07:29","date_gmt":"2024-10-17T11:07:29","guid":{"rendered":"https:\/\/vpnlove.me\/allgemeine-geschaeftsbedingungen\/"},"modified":"2024-10-17T11:07:30","modified_gmt":"2024-10-17T11:07:30","slug":"allgemeine-geschaeftsbedingungen","status":"publish","type":"page","link":"https:\/\/vpnlove.me\/de\/allgemeine-geschaeftsbedingungen\/","title":{"rendered":"Allgemeine Gesch\u00e4ftsbedingungen"},"content":{"rendered":"\n<div class=\"wp-block-uagb-container uagb-block-3cccbad4 alignfull uagb-is-root-container\"><div class=\"uagb-container-inner-blocks-wrap\">\n<div class=\"wp-block-uagb-advanced-heading uagb-block-b2acb170\"><h1 class=\"uagb-heading-text\">Allgemeine Gesch\u00e4ftsbedingungen<\/h1><\/div>\n<\/div><\/div>\n\n<p><\/p>\n\n<p>Zuletzt aktualisiert: 30. September 2024<\/p>\n\n<p>Bitte lesen Sie diese Nutzungsbedingungen sorgf\u00e4ltig durch, bevor Sie unseren Service nutzen.<\/p>\n\n<h2 class=\"wp-block-heading\">Interpretation und Definitionen<\/h2>\n\n<h3 class=\"wp-block-heading\">Dolmetschen<\/h3>\n\n<p>Die W\u00f6rter, deren Anfangsbuchstabe gro\u00dfgeschrieben wird, haben unter den folgenden Bedingungen festgelegte Bedeutungen. Die folgenden Definitionen haben dieselbe Bedeutung, unabh\u00e4ngig davon, ob sie im Singular oder im Plural erscheinen. <\/p>\n\n<h3 class=\"wp-block-heading\">Definitionen<\/h3>\n\n<p>F\u00fcr die Zwecke dieser Allgemeinen Gesch\u00e4ftsbedingungen:<\/p>\n\n<ul class=\"wp-block-list\">\n<li><strong>Ein verbundenes<\/strong> Unternehmen ist ein Unternehmen, das eine Partei kontrolliert, von ihr kontrolliert wird oder unter gemeinsamer Kontrolle mit ihr steht, wobei \u201eKontrolle\u201c den Besitz von 50 % oder mehr der Anteile, Beteiligungen oder sonstigen Wertpapiere bedeutet, die zur Wahl von Direktoren oder einer anderen gesch\u00e4ftsf\u00fchrenden Beh\u00f6rde berechtigen.<\/li>\n\n\n\n<li><strong>Land <\/strong>bezieht sich auf: Kalifornien, Vereinigte Staaten<\/li>\n\n\n\n<li><strong>Das Unternehmen<\/strong> (in dieser Vereinbarung entweder als \u201edas Unternehmen\u201c, \u201ewir\u201c, \u201euns\u201c oder \u201eunser\u201c bezeichnet) bezieht sich auf vpnlove.me.<\/li>\n\n\n\n<li><strong>Ger\u00e4t <\/strong>bedeutet jedes Ger\u00e4t, das auf den Dienst zugreifen kann, wie z. B. ein Computer, ein Mobiltelefon oder ein digitales Tablet.<\/li>\n\n\n\n<li><strong>Der Service<\/strong> bezieht sich auf die Website.<\/li>\n\n\n\n<li><strong>Die Allgemeinen Gesch\u00e4ftsbedingungen <\/strong>(auch als \u201eBedingungen\u201c bezeichnet) sind diese Allgemeinen Gesch\u00e4ftsbedingungen, die die gesamte Vereinbarung zwischen Ihnen und dem Unternehmen in Bezug auf die Nutzung des Dienstes bilden. <\/li>\n\n\n\n<li><strong>Social-Media-Dienste von Drittanbietern sind <\/strong>alle Dienste oder Inhalte (einschlie\u00dflich Daten, Informationen, Produkte oder Dienste), die von einem Drittanbieter bereitgestellt werden und vom Dienst angezeigt, einbezogen oder verf\u00fcgbar gemacht werden k\u00f6nnen.<\/li>\n\n\n\n<li><strong>Die Website<\/strong> verweist auf vpnlove.me, erreichbar \u00fcber <a href=\"https:\/\/vpnlove.me\/de\/\" target=\"_blank\" rel=\"noreferrer noopener\">https:\/\/vpnlove.me\/<\/a><\/li>\n\n\n\n<li>\u201e<strong>Sie<\/strong>\u201c bezeichnet die Person, die auf den Service zugreift oder ihn nutzt, oder das Unternehmen oder eine andere juristische Person, in deren Namen diese Person auf den Service zugreift oder ihn nutzt.<\/li>\n<\/ul>\n\n<h2 class=\"wp-block-heading\">Best\u00e4tigung<\/h2>\n\n<p>Dies sind die Allgemeinen Gesch\u00e4ftsbedingungen, die die Nutzung dieses Dienstes regeln, und die Vereinbarung, die zwischen Ihnen und dem Unternehmen gilt. Diese Allgemeinen Gesch\u00e4ftsbedingungen legen die Rechte und Pflichten aller Benutzer in Bezug auf die Nutzung des Dienstes fest. <\/p>\n\n<p>Ihr Zugang zu und Ihre Nutzung des Dienstes ist an die Bedingung gekn\u00fcpft, dass Sie diese Nutzungsbedingungen akzeptieren und einhalten. Diese Nutzungsbedingungen gelten f\u00fcr <\/p>\n\n<p>Durch den Zugriff auf den Dienst oder dessen Nutzung erkl\u00e4ren Sie sich mit diesen Nutzungsbedingungen einverstanden. Wenn Sie mit einem Teil dieser Nutzungsbedingungen nicht einverstanden sind, d\u00fcrfen Sie nicht auf den Dienst zugreifen. <\/p>\n\n<p>Sie versichern, dass Sie \u00fcber 18 Jahre alt sind. Das Unternehmen gestattet Personen unter 18 Jahren nicht, den Service zu nutzen. <\/p>\n\n<p>Ihr Zugriff auf den Service und dessen Nutzung ist au\u00dferdem an die Bedingung gekn\u00fcpft, dass Sie die Datenschutzrichtlinie des Unternehmens akzeptieren und einhalten. Unsere Datenschutzrichtlinie beschreibt unsere Richtlinien und Verfahren zur Erfassung, Nutzung und Offenlegung Ihrer personenbezogenen Daten, wenn Sie die Anwendung oder die Website nutzen, und informiert Sie \u00fcber Ihre Datenschutzrechte und dar\u00fcber, wie das Gesetz Sie sch\u00fctzt. Bitte lesen Sie unsere Datenschutzrichtlinie sorgf\u00e4ltig durch, bevor Sie unseren Service nutzen.  <\/p>\n\n<h2 class=\"wp-block-heading\">Links to other websites<\/h2>\n\n<p>Unser Service kann Links zu Websites oder Services von Drittanbietern enthalten, die nicht Eigentum des Unternehmens sind oder von diesem kontrolliert werden.<\/p>\n\n<p>Das Unternehmen hat keine Kontrolle \u00fcber die Inhalte, Datenschutzrichtlinien oder Praktiken von Websites oder Diensten Dritter und \u00fcbernimmt keine Verantwortung daf\u00fcr. Sie erkennen ferner an und erkl\u00e4ren sich damit einverstanden, dass das Unternehmen weder direkt noch indirekt f\u00fcr Sch\u00e4den oder Verluste verantwortlich oder haftbar ist, die durch oder in Verbindung mit der Nutzung oder dem Vertrauen auf solche Inhalte, Waren oder Dienstleistungen, die auf oder \u00fcber solche Websites oder Dienste verf\u00fcgbar sind, verursacht wurden oder angeblich verursacht wurden. <\/p>\n\n<p>Wir empfehlen Ihnen dringend, die Nutzungsbedingungen und Datenschutzrichtlinien aller von Ihnen besuchten Websites oder Dienste Dritter zu lesen.<\/p>\n\n<h2 class=\"wp-block-heading\">Beendigung<\/h2>\n\n<p>Wir k\u00f6nnen Ihren Zugang ohne vorherige Ank\u00fcndigung oder Haftung aus welchem Grund auch immer sofort beenden oder aussetzen, insbesondere wenn Sie gegen diese Nutzungsbedingungen versto\u00dfen.<\/p>\n\n<p>Bei K\u00fcndigung erlischt Ihr Recht zur Nutzung des Dienstes sofort.<\/p>\n\n<h2 class=\"wp-block-heading\">Haftungsbeschr\u00e4nkung<\/h2>\n\n<p>Ungeachtet etwaiger Sch\u00e4den, die Ihnen entstehen k\u00f6nnten, ist die gesamte Haftung des Unternehmens und seiner Lieferanten gem\u00e4\u00df einer Bestimmung dieser Bedingungen und Ihr ausschlie\u00dflicher Anspruch f\u00fcr alle vorgenannten F\u00e4lle auf den Betrag beschr\u00e4nkt, den Sie tats\u00e4chlich \u00fcber den Dienst bezahlt haben, oder auf 100 USD, wenn Sie nichts \u00fcber den Dienst gekauft haben.<\/p>\n\n<p>Soweit gesetzlich zul\u00e4ssig, haften das Unternehmen oder seine Lieferanten in keinem Fall f\u00fcr besondere, zuf\u00e4llige, indirekte oder Folgesch\u00e4den jeglicher Art (einschlie\u00dflich, aber nicht beschr\u00e4nkt auf Sch\u00e4den durch entgangenen Gewinn, Verlust von Daten oder anderen Informationen, durch Betriebsunterbrechung, durch Personensch\u00e4den, Verlust der Privatsph\u00e4re, die sich aus oder in in irgendeiner Weise mit der Nutzung oder der Unf\u00e4higkeit zur Nutzung des Dienstes, der mit dem Dienst verwendeten Software und\/oder Hardware von Drittanbietern oder anderweitig im Zusammenhang mit einer Bestimmung dieser Bedingungen zusammenh\u00e4ngt), selbst wenn das Unternehmen oder ein Anbieter auf die M\u00f6glichkeit solcher Sch\u00e4den hingewiesen wurde und selbst wenn das Rechtsmittel seinen wesentlichen Zweck verfehlt.<\/p>\n\n<p>In einigen Staaten ist der Ausschluss stillschweigender Garantien oder die Beschr\u00e4nkung der Haftung f\u00fcr Neben- oder Folgesch\u00e4den nicht zul\u00e4ssig, sodass einige der oben genannten Beschr\u00e4nkungen m\u00f6glicherweise nicht gelten. In diesen Staaten wird die Haftung jeder Partei auf das gesetzlich zul\u00e4ssige Mindestma\u00df beschr\u00e4nkt. <\/p>\n\n<h2 class=\"wp-block-heading\">\u201eWIE BESEHEN\u201c und \u201aWIE VERF\u00dcGBAR\u2018 Haftungsausschluss<\/h2>\n\n<p>Der Service wird Ihnen \u201eWIE BESEHEN\u201c und \u201eWIE VERF\u00dcGBAR\u201c und mit allen Fehlern und M\u00e4ngeln ohne jegliche Gew\u00e4hrleistung zur Verf\u00fcgung gestellt. Soweit dies nach geltendem Recht zul\u00e4ssig ist, lehnt das Unternehmen in seinem eigenen Namen und im Namen seiner verbundenen Unternehmen und seiner und ihrer jeweiligen Lizenzgeber und Dienstleister ausdr\u00fccklich alle Garantien ab, ob ausdr\u00fccklich, stillschweigend, gesetzlich oder anderweitig, in Bezug auf den Service, einschlie\u00dflich aller stillschweigenden Garantien der Marktg\u00e4ng Ohne Einschr\u00e4nkung des Vorstehenden \u00fcbernimmt das Unternehmen keine Gew\u00e4hrleistung oder Verpflichtung und gibt keinerlei Zusicherung, dass der Service Ihren Anforderungen entspricht, beabsichtigte Ergebnisse erzielt, mit anderer Software, Anwendungen, Systemen oder Diensten kompatibel ist oder mit diesen funktioniert, ohne Unterbrechung funktioniert, Leistungs- oder Zuverl\u00e4ssigkeitsstandards erf\u00fcllt oder fehlerfrei ist oder dass  <\/p>\n\n<p>Ohne Einschr\u00e4nkung des Vorstehenden geben weder das Unternehmen noch einer seiner Anbieter ausdr\u00fcckliche oder stillschweigende Zusicherungen oder Gew\u00e4hrleistungen jeglicher Art ab: (i) hinsichtlich des Betriebs oder der Verf\u00fcgbarkeit des Dienstes oder der darin enthaltenen Informationen, Inhalte und Materialien oder Produkte; (ii) dass der Dienst ununterbrochen oder fehlerfrei zur Verf\u00fcgung steht; (iii) hinsichtlich der Genauigkeit, Zuverl\u00e4ssigkeit oder Aktualit\u00e4t von Informationen oder \u00fcber den Service bereitgestellten Informationen oder Inhalte; oder (iv) dass der Service, seine Server, die Inhalte oder E-Mails, die vom Unternehmen oder in dessen Namen gesendet werden, frei von Viren, Skripten, Trojanern, W\u00fcrmern, Malware, Zeitbomben oder anderen sch\u00e4dlichen Komponenten sind.    <\/p>\n\n<p>In einigen Rechtsprechungen ist der Ausschluss bestimmter Arten von Garantien oder Einschr\u00e4nkungen der anwendbaren gesetzlichen Rechte eines Verbrauchers nicht zul\u00e4ssig, sodass einige oder alle der oben genannten Ausschl\u00fcsse und Einschr\u00e4nkungen m\u00f6glicherweise nicht auf Sie zutreffen. In einem solchen Fall gelten die in diesem Abschnitt dargelegten Ausschl\u00fcsse und Einschr\u00e4nkungen jedoch im gr\u00f6\u00dftm\u00f6glichen Umfang, der nach geltendem Recht durchsetzbar ist. <\/p>\n\n<h2 class=\"wp-block-heading\">Anwendbares Recht<\/h2>\n\n<p>Diese Bedingungen und Ihre Nutzung des Dienstes unterliegen den Gesetzen des Landes, mit Ausnahme der Kollisionsnormen. Ihre Nutzung der Anwendung kann auch anderen lokalen, staatlichen, nationalen oder internationalen Gesetzen unterliegen. <\/p>\n\n<h2 class=\"wp-block-heading\">Streitbeilegung<\/h2>\n\n<p>Wenn Sie Bedenken oder Beschwerden bez\u00fcglich des Dienstes haben, erkl\u00e4ren Sie sich damit einverstanden, zun\u00e4chst zu versuchen, die Streitigkeit informell beizulegen, indem Sie sich an das Unternehmen wenden.<\/p>\n\n<h2 class=\"wp-block-heading\">F\u00fcr Benutzer aus der Europ\u00e4ischen Union (EU)<\/h2>\n\n<p>Wenn Sie ein Verbraucher aus der Europ\u00e4ischen Union sind, profitieren Sie von allen zwingenden Bestimmungen des Rechts des Landes, in dem Sie Ihren Wohnsitz haben.<\/p>\n\n<h2 class=\"wp-block-heading\">Einhaltung der Gesetze in den Vereinigten Staaten<\/h2>\n\n<p>Sie versichern und garantieren, dass (i) Sie sich nicht in einem Land befinden, das einem Embargo der Regierung der Vereinigten Staaten unterliegt oder das von der Regierung der Vereinigten Staaten als \u201eterroristenunterst\u00fctzendes\u201c Land eingestuft wurde, und (ii) Sie nicht auf einer Liste der Regierung der Vereinigten Staaten mit verbotenen oder eingeschr\u00e4nkten Parteien aufgef\u00fchrt sind.  <\/p>\n\n<h2 class=\"wp-block-heading\">Salvatorische Klausel und Verzicht<\/h2>\n\n<h3 class=\"wp-block-heading\">Salvatorische Klausel<\/h3>\n\n<p>Sollte eine Bestimmung dieser Bedingungen f\u00fcr nicht durchsetzbar oder ung\u00fcltig befunden werden, wird diese Bestimmung so ge\u00e4ndert und ausgelegt, dass die Ziele dieser Bestimmung im gr\u00f6\u00dftm\u00f6glichen Umfang gem\u00e4\u00df geltendem Recht erreicht werden, und die \u00fcbrigen Bestimmungen bleiben in vollem Umfang in Kraft und wirksam.<\/p>\n\n<h3 class=\"wp-block-heading\">Verzichtserkl\u00e4rung<\/h3>\n\n<p>Sofern in diesen Bedingungen nichts anderes bestimmt ist, hat die Nichtaus\u00fcbung eines Rechts oder die Nichtverlangen der Erf\u00fcllung einer Verpflichtung gem\u00e4\u00df diesen Bedingungen keinen Einfluss auf die F\u00e4higkeit einer Partei, dieses Recht auszu\u00fcben oder diese Erf\u00fcllung zu einem sp\u00e4teren Zeitpunkt zu verlangen, noch stellt der Verzicht auf die Geltendmachung eines Versto\u00dfes einen Verzicht auf die Geltendmachung eines sp\u00e4teren Versto\u00dfes dar.<\/p>\n\n<h2 class=\"wp-block-heading\">\u00dcbersetzung Dolmetschen<\/h2>\n\n<p>Diese Nutzungsbedingungen k\u00f6nnen \u00fcbersetzt worden sein, wenn wir sie Ihnen \u00fcber unseren Service zur Verf\u00fcgung gestellt haben. Sie erkl\u00e4ren sich damit einverstanden, dass im Streitfall der englische Originaltext ma\u00dfgebend ist. <\/p>\n\n<h2 class=\"wp-block-heading\">\u00c4nderungen dieser Nutzungsbedingungen<\/h2>\n\n<p>Wir behalten uns das Recht vor, diese Bedingungen jederzeit nach eigenem Ermessen zu \u00e4ndern oder zu ersetzen. Wenn eine \u00dcberarbeitung wesentlich ist, werden wir uns in angemessener Weise bem\u00fchen, neue Bedingungen mindestens 30 Tage vor ihrem Inkrafttreten bekannt zu geben. Was eine wesentliche \u00c4nderung darstellt, wird nach unserem alleinigen Ermessen festgelegt.  <\/p>\n\n<p>Indem Sie nach Inkrafttreten dieser \u00c4nderungen weiterhin auf unseren Service zugreifen oder ihn nutzen, erkl\u00e4ren Sie sich mit den ge\u00e4nderten Bedingungen einverstanden. Wenn Sie den neuen Bedingungen ganz oder teilweise nicht zustimmen, stellen Sie bitte die Nutzung der Website und des Dienstes ein. <\/p>\n\n<h2 class=\"wp-block-heading\">Kontaktieren Sie uns<\/h2>\n\n<p>Wenn Sie Fragen zu diesen Nutzungsbedingungen haben, k\u00f6nnen Sie uns kontaktieren:<\/p>\n\n<ul class=\"wp-block-list\">\n<li>Per E-Mail: vpnlove.me.1@protonmail.com<\/li>\n\n\n\n<li>Durch den Besuch dieser Seite auf unserer Website: <a href=\"https:\/\/vpnlove.me\/contact-us\/\" target=\"_blank\" rel=\"noreferrer noopener\">https:\/\/vpnlove.me\/contact-us\/<\/a><\/li>\n<\/ul>\n\n<p><\/p>\n","protected":false},"excerpt":{"rendered":"<p>Allgemeine Gesch\u00e4ftsbedingungen Zuletzt aktualisiert: 30. September 2024 Bitte lesen Sie diese Nutzungsbedingungen sorgf\u00e4ltig durch, bevor Sie unseren Service nutzen. Interpretation und Definitionen Dolmetschen Die W\u00f6rter, deren Anfangsbuchstabe gro\u00dfgeschrieben wird, haben unter den folgenden Bedingungen festgelegte Bedeutungen. Die folgenden Definitionen haben dieselbe Bedeutung, unabh\u00e4ngig davon, ob sie im Singular oder im Plural erscheinen. Definitionen F\u00fcr die [&hellip;]<\/p>\n","protected":false},"author":1,"featured_media":0,"parent":0,"menu_order":0,"comment_status":"closed","ping_status":"closed","template":"","meta":{"_uag_custom_page_level_css":"","site-sidebar-layout":"default","site-content-layout":"","ast-site-content-layout":"default","site-content-style":"default","site-sidebar-style":"default","ast-global-header-display":"","ast-banner-title-visibility":"","ast-main-header-display":"","ast-hfb-above-header-display":"","ast-hfb-below-header-display":"","ast-hfb-mobile-header-display":"","site-post-title":"disabled","ast-breadcrumbs-content":"","ast-featured-img":"","footer-sml-layout":"","ast-disable-related-posts":"","theme-transparent-header-meta":"","adv-header-id-meta":"","stick-header-meta":"","header-above-stick-meta":"","header-main-stick-meta":"","header-below-stick-meta":"","astra-migrate-meta-layouts":"default","ast-page-background-enabled":"default","ast-page-background-meta":{"desktop":{"background-color":"","background-image":"","background-repeat":"repeat","background-position":"center center","background-size":"auto","background-attachment":"scroll","background-type":"","background-media":"","overlay-type":"","overlay-color":"","overlay-opacity":"","overlay-gradient":""},"tablet":{"background-color":"","background-image":"","background-repeat":"repeat","background-position":"center center","background-size":"auto","background-attachment":"scroll","background-type":"","background-media":"","overlay-type":"","overlay-color":"","overlay-opacity":"","overlay-gradient":""},"mobile":{"background-color":"","background-image":"","background-repeat":"repeat","background-position":"center center","background-size":"auto","background-attachment":"scroll","background-type":"","background-media":"","overlay-type":"","overlay-color":"","overlay-opacity":"","overlay-gradient":""}},"ast-content-background-meta":{"desktop":{"background-color":"var(--ast-global-color-4)","background-image":"","background-repeat":"repeat","background-position":"center center","background-size":"auto","background-attachment":"scroll","background-type":"","background-media":"","overlay-type":"","overlay-color":"","overlay-opacity":"","overlay-gradient":""},"tablet":{"background-color":"var(--ast-global-color-4)","background-image":"","background-repeat":"repeat","background-position":"center center","background-size":"auto","background-attachment":"scroll","background-type":"","background-media":"","overlay-type":"","overlay-color":"","overlay-opacity":"","overlay-gradient":""},"mobile":{"background-color":"var(--ast-global-color-4)","background-image":"","background-repeat":"repeat","background-position":"center center","background-size":"auto","background-attachment":"scroll","background-type":"","background-media":"","overlay-type":"","overlay-color":"","overlay-opacity":"","overlay-gradient":""}},"footnotes":""},"class_list":["post-4070","page","type-page","status-publish","hentry"],"uagb_featured_image_src":{"full":false,"thumbnail":false,"medium":false,"medium_large":false,"large":false,"1536x1536":false,"2048x2048":false},"uagb_author_info":{"display_name":"admin","author_link":"https:\/\/vpnlove.me\/de\/author\/admin\/"},"uagb_comment_info":0,"uagb_excerpt":"Allgemeine Gesch\u00e4ftsbedingungen Zuletzt aktualisiert: 30. September 2024 Bitte lesen Sie diese Nutzungsbedingungen sorgf\u00e4ltig durch, bevor Sie unseren Service nutzen. Interpretation und Definitionen Dolmetschen Die W\u00f6rter, deren Anfangsbuchstabe gro\u00dfgeschrieben wird, haben unter den folgenden Bedingungen festgelegte Bedeutungen. Die folgenden Definitionen haben dieselbe Bedeutung, unabh\u00e4ngig davon, ob sie im Singular oder im Plural erscheinen. Definitionen F\u00fcr die&hellip;","_links":{"self":[{"href":"https:\/\/vpnlove.me\/de\/wp-json\/wp\/v2\/pages\/4070","targetHints":{"allow":["GET"]}}],"collection":[{"href":"https:\/\/vpnlove.me\/de\/wp-json\/wp\/v2\/pages"}],"about":[{"href":"https:\/\/vpnlove.me\/de\/wp-json\/wp\/v2\/types\/page"}],"author":[{"embeddable":true,"href":"https:\/\/vpnlove.me\/de\/wp-json\/wp\/v2\/users\/1"}],"replies":[{"embeddable":true,"href":"https:\/\/vpnlove.me\/de\/wp-json\/wp\/v2\/comments?post=4070"}],"version-history":[{"count":1,"href":"https:\/\/vpnlove.me\/de\/wp-json\/wp\/v2\/pages\/4070\/revisions"}],"predecessor-version":[{"id":4071,"href":"https:\/\/vpnlove.me\/de\/wp-json\/wp\/v2\/pages\/4070\/revisions\/4071"}],"wp:attachment":[{"href":"https:\/\/vpnlove.me\/de\/wp-json\/wp\/v2\/media?parent=4070"}],"curies":[{"name":"wp","href":"https:\/\/api.w.org\/{rel}","templated":true}]}}