{"id":3882,"date":"2024-10-15T10:02:24","date_gmt":"2024-10-15T10:02:24","guid":{"rendered":"https:\/\/vpnlove.me\/acerca-de\/"},"modified":"2024-10-15T10:02:24","modified_gmt":"2024-10-15T10:02:24","slug":"acerca-de","status":"publish","type":"page","link":"https:\/\/vpnlove.me\/es\/acerca-de\/","title":{"rendered":"Acerca de"},"content":{"rendered":"\n<div class=\"wp-block-uagb-container uagb-block-3cccbad4 alignfull uagb-is-root-container\"><div class=\"uagb-container-inner-blocks-wrap\">\n<div class=\"wp-block-uagb-advanced-heading uagb-block-b2acb170\"><h1 class=\"uagb-heading-text\">Acerca de<\/h1><\/div>\n<\/div><\/div>\n\n<div class=\"wp-block-uagb-container uagb-layout-grid uagb-block-8fd792d8 alignfull uagb-is-root-container\"><div class=\"uagb-container-inner-blocks-wrap\">\n<div class=\"wp-block-uagb-container uagb-block-3cc4a0cb\">\n<div class=\"wp-block-uagb-info-box uagb-block-03af5882 uagb-infobox__content-wrap  uagb-infobox-icon-above-title uagb-infobox-image-valign-top wp-block-uagb-info-box--has-margin\"><div class=\"uagb-infobox-margin-wrapper\"><div class=\"uagb-ifb-content\"><div class=\"uagb-ifb-title-wrap\"><h2 class=\"uagb-ifb-title\">Bienvenido a VPNLove.me &#8211; <\/h2><\/div><p class=\"uagb-ifb-desc\"><br\/>Su fuente de confianza para rese\u00f1as completas, opiniones de expertos y la informaci\u00f3n m\u00e1s reciente sobre servicios VPN. Creemos que todo el mundo merece tener acceso a la informaci\u00f3n a trav\u00e9s de la web, manteniendo su privacidad y seguridad en l\u00ednea. <\/p><\/div><\/div><\/div>\n\n\n\n<p><\/p>\n\n\n\n<div class=\"wp-block-uagb-advanced-heading uagb-block-965c6155\"><div class=\"uagb-separator\"><\/div><h3 class=\"uagb-heading-text\">Nuestra misi\u00f3n<\/h3><\/div>\n\n\n\n<div class=\"wp-block-uagb-advanced-heading uagb-block-30f6007f\"><p class=\"uagb-heading-text\">At VPNLove.me, our mission is to empower individuals to browse the internet safely and without restrictions. In an increasingly digital world, protecting your personal information is more important than ever. That\u2019s why we dedicate ourselves to testing and reviewing a wide range of VPN services, ensuring that you can make informed choices about your online security.<\/p><\/div>\n\n\n\n<div class=\"wp-block-uagb-advanced-heading uagb-block-3ec7ed6c\"><h3 class=\"uagb-heading-text\">Qu\u00e9 ofrecemos<\/h3><\/div>\n\n\n\n<div class=\"wp-block-uagb-advanced-heading uagb-block-a32b9ab9\"><p class=\"uagb-heading-text\"><strong>In-Depth Reviews<\/strong>: Our team of VPN experts rigorously tests various VPN services, examining key features such as speed, security, user-friendliness, and customer support. We provide detailed reviews that help you understand the strengths and weaknesses of each service.<br\/><strong>Up-to-Date Information<\/strong>: The VPN landscape is constantly evolving. We stay on top of the latest trends and updates in technology, ensuring that our content is current and relevant to your needs.<br\/><strong>Comparative Analysis<\/strong>: Our easy-to-read comparison charts allow you to quickly evaluate different VPNs side-by-side, making it easier for you to find the service that best fits your requirements.<br\/><strong>Expert Tips and Guides<\/strong>: Beyond reviews, we offer valuable resources and tips to enhance your online security and maximize your VPN experience.<br\/><strong>Exclusive Deals<\/strong>: We partner with leading VPN providers to bring you exclusive discounts and promotions, allowing you to save money while ensuring your online privacy.<\/p><\/div>\n\n\n\n<div class=\"wp-block-uagb-advanced-heading uagb-block-272eed39\"><h3 class=\"uagb-heading-text\">\u00danete a nuestra comunidad<\/h3><\/div>\n\n\n\n<div class=\"wp-block-uagb-advanced-heading uagb-block-c57c67a5\"><p class=\"uagb-heading-text\">At VPNLove.me, we\u2019re more than just a review site; we\u2019re a community of privacy advocates and tech enthusiasts committed to helping you navigate the digital landscape safely. Whether you\u2019re new to VPNs or a seasoned user, we invite you to explore our content, ask questions, and engage with us.<br\/>Thank you for choosing <strong>VPNLove.me<\/strong> as your go-to resource for VPN reviews and advice. Together, let\u2019s make the internet a safer place for everyone!<\/p><\/div>\n\n\n\n<div class=\"wp-block-uagb-social-share uagb-social-share__outer-wrap uagb-social-share__layout-horizontal uagb-block-0c9680bf\">\n<div class=\"wp-block-uagb-social-share-child uagb-ss-repeater uagb-ss__wrapper uagb-block-b00ad8a6\"><span class=\"uagb-ss__link\" data-href=\"https:\/\/www.facebook.com\/sharer.php?u=\" tabindex=\"0\" role=\"button\" aria-label=\"facebook\"><span class=\"uagb-ss__source-wrap\"><span class=\"uagb-ss__source-icon\"><svg xmlns=\"https:\/\/www.w3.org\/2000\/svg\" viewBox=\"0 0 512 512\"><path d=\"M504 256C504 119 393 8 256 8S8 119 8 256c0 123.8 90.69 226.4 209.3 245V327.7h-63V256h63v-54.64c0-62.15 37-96.48 93.67-96.48 27.14 0 55.52 4.84 55.52 4.84v61h-31.28c-30.8 0-40.41 19.12-40.41 38.73V256h68.78l-11 71.69h-57.78V501C413.3 482.4 504 379.8 504 256z\"><\/path><\/svg><\/span><\/span><\/span><\/div>\n\n\n\n<div class=\"wp-block-uagb-social-share-child uagb-ss-repeater uagb-ss__wrapper uagb-block-8c014215\"><span class=\"uagb-ss__link\" data-href=\"https:\/\/twitter.com\/share?url=\" tabindex=\"0\" role=\"button\" aria-label=\"twitter\"><span class=\"uagb-ss__source-wrap\"><span class=\"uagb-ss__source-icon\"><svg xmlns=\"https:\/\/www.w3.org\/2000\/svg\" viewBox=\"0 0 512 512\"><path d=\"M459.4 151.7c.325 4.548 .325 9.097 .325 13.65 0 138.7-105.6 298.6-298.6 298.6-59.45 0-114.7-17.22-161.1-47.11 8.447 .974 16.57 1.299 25.34 1.299 49.06 0 94.21-16.57 130.3-44.83-46.13-.975-84.79-31.19-98.11-72.77 6.498 .974 12.99 1.624 19.82 1.624 9.421 0 18.84-1.3 27.61-3.573-48.08-9.747-84.14-51.98-84.14-102.1v-1.299c13.97 7.797 30.21 12.67 47.43 13.32-28.26-18.84-46.78-51.01-46.78-87.39 0-19.49 5.197-37.36 14.29-52.95 51.65 63.67 129.3 105.3 216.4 109.8-1.624-7.797-2.599-15.92-2.599-24.04 0-57.83 46.78-104.9 104.9-104.9 30.21 0 57.5 12.67 76.67 33.14 23.72-4.548 46.46-13.32 66.6-25.34-7.798 24.37-24.37 44.83-46.13 57.83 21.12-2.273 41.58-8.122 60.43-16.24-14.29 20.79-32.16 39.31-52.63 54.25z\"><\/path><\/svg><\/span><\/span><\/span><\/div>\n\n\n\n<div class=\"wp-block-uagb-social-share-child uagb-ss-repeater uagb-ss__wrapper uagb-block-6ec3da9f\"><span class=\"uagb-ss__link\" data-href=\"https:\/\/pinterest.com\/pin\/create\/link\/?url=\" tabindex=\"0\" role=\"button\" aria-label=\"pinterest\"><span class=\"uagb-ss__source-wrap\"><span class=\"uagb-ss__source-icon\"><svg xmlns=\"https:\/\/www.w3.org\/2000\/svg\" viewBox=\"0 0 448 512\"><path d=\"M224.1 141c-63.6 0-114.9 51.3-114.9 114.9s51.3 114.9 114.9 114.9S339 319.5 339 255.9 287.7 141 224.1 141zm0 189.6c-41.1 0-74.7-33.5-74.7-74.7s33.5-74.7 74.7-74.7 74.7 33.5 74.7 74.7-33.6 74.7-74.7 74.7zm146.4-194.3c0 14.9-12 26.8-26.8 26.8-14.9 0-26.8-12-26.8-26.8s12-26.8 26.8-26.8 26.8 12 26.8 26.8zm76.1 27.2c-1.7-35.9-9.9-67.7-36.2-93.9-26.2-26.2-58-34.4-93.9-36.2-37-2.1-147.9-2.1-184.9 0-35.8 1.7-67.6 9.9-93.9 36.1s-34.4 58-36.2 93.9c-2.1 37-2.1 147.9 0 184.9 1.7 35.9 9.9 67.7 36.2 93.9s58 34.4 93.9 36.2c37 2.1 147.9 2.1 184.9 0 35.9-1.7 67.7-9.9 93.9-36.2 26.2-26.2 34.4-58 36.2-93.9 2.1-37 2.1-147.8 0-184.8zM398.8 388c-7.8 19.6-22.9 34.7-42.6 42.6-29.5 11.7-99.5 9-132.1 9s-102.7 2.6-132.1-9c-19.6-7.8-34.7-22.9-42.6-42.6-11.7-29.5-9-99.5-9-132.1s-2.6-102.7 9-132.1c7.8-19.6 22.9-34.7 42.6-42.6 29.5-11.7 99.5-9 132.1-9s102.7-2.6 132.1 9c19.6 7.8 34.7 22.9 42.6 42.6 11.7 29.5 9 99.5 9 132.1s2.7 102.7-9 132.1z\"><\/path><\/svg><\/span><\/span><\/span><\/div>\n\n\n\n<div class=\"wp-block-uagb-social-share-child uagb-ss-repeater uagb-ss__wrapper uagb-block-7f4b6714\"><span class=\"uagb-ss__link\" data-href=\"https:\/\/www.linkedin.com\/shareArticle?url=\" tabindex=\"0\" role=\"button\" aria-label=\"linkedin\"><span class=\"uagb-ss__source-wrap\"><span class=\"uagb-ss__source-icon\"><svg xmlns=\"https:\/\/www.w3.org\/2000\/svg\" viewBox=\"0 0 576 512\"><path d=\"M549.7 124.1c-6.281-23.65-24.79-42.28-48.28-48.6C458.8 64 288 64 288 64S117.2 64 74.63 75.49c-23.5 6.322-42 24.95-48.28 48.6-11.41 42.87-11.41 132.3-11.41 132.3s0 89.44 11.41 132.3c6.281 23.65 24.79 41.5 48.28 47.82C117.2 448 288 448 288 448s170.8 0 213.4-11.49c23.5-6.321 42-24.17 48.28-47.82 11.41-42.87 11.41-132.3 11.41-132.3s0-89.44-11.41-132.3zm-317.5 213.5V175.2l142.7 81.21-142.7 81.2z\"><\/path><\/svg><\/span><\/span><\/span><\/div>\n<\/div>\n<\/div>\n\n\n\n<figure class=\"wp-block-image size-full\"><img decoding=\"async\" src=\"http:\/\/vpnlove.me\/wp-content\/uploads\/2024\/09\/VPNLove.me_-576x1024.jpeg\" alt=\"\"\/><\/figure>\n<\/div><\/div>\n\n<div class=\"wp-block-uagb-container uagb-block-79feba0e alignfull uagb-is-root-container\"><div class=\"uagb-container-inner-blocks-wrap\">\n<div class=\"wp-block-uagb-container uagb-block-2cf4601e\">\n<div class=\"wp-block-uagb-advanced-heading uagb-block-017155e0\"><h3 class=\"uagb-heading-text\">Reg\u00edstrate para recibir los mejores consejos sobre VPN<\/h3><p class=\"uagb-desc-text\">\u00danase a nuestro bolet\u00edn para recibir consejos de expertos, ofertas exclusivas de VPN<br\/>y los \u00faltimos consejos sobre c\u00f3mo mantenerse seguro y privado en Internet, directamente en su bandeja de entrada.<\/p><\/div>\n\n\n\n<div class=\"wp-block-uagb-forms uagb-forms__outer-wrap uagb-block-6565af69 uagb-forms__medium-btn uagb-forms-inline-field uagb-forms-button-desk-width-33  uagb-forms-button-mobile-width-100 uagb-forms-column-gap-5\"><form class=\"uagb-forms-main-form\" method=\"post\" autocomplete=\"on\" name=\"uagb-form-6565af69\">\n<div class=\"wp-block-uagb-forms-email uagb-forms-email-wrap uagb-forms-field-set uagb-block-a9c4dee8 uagb-forms-field-desk-width-60 uagb-forms-field-tablet-width-60 uagb-forms-field-mobile-width-100\"><div class=\"uagb-forms-email-label uagb-forms-input-label\" id=\"a9c4dee8\">Correo electr\u00f3nico<\/div><input type=\"email\" class=\"uagb-forms-email-input uagb-forms-input\" placeholder=\"Direcci\u00f3n de correo electr\u00f3nico\" name=\"a9c4dee8\" autocomplete=\"email\"><\/div>\n<div class=\"uagb-forms-form-hidden-data\"><input type=\"hidden\" class=\"uagb_forms_form_label\" value=\"Spectra Form\"\/><input type=\"hidden\" class=\"uagb_forms_form_id\" value=\"uagb-form-6565af69\"\/><\/div><div class=\"uagb-form-reacaptcha-error-6565af69\"><\/div><div class=\"uagb-forms-main-submit-button-wrap wp-block-button\"><button class=\"uagb-forms-main-submit-button wp-block-button__link\"><div class=\"uagb-forms-main-submit-button-text\">Suscr\u00edbase a<\/div><\/button><\/div><\/form><div class=\"uagb-forms-success-message-6565af69 uagb-forms-submit-message-hide\"><span>The form has been submitted successfully!<\/span><\/div><div class=\"uagb-forms-failed-message-6565af69 uagb-forms-submit-message-hide\"><span>There has been some error while submitting the form. Please verify all form fields again.<\/span><\/div><\/div>\n<\/div>\n<\/div><\/div>\n\n<div class=\"wp-block-uagb-container uagb-block-4f195d1d alignfull uagb-is-root-container\"><div class=\"uagb-container-inner-blocks-wrap\">\n<div class=\"wp-block-uagb-advanced-heading uagb-block-665ea58b\"><h2 class=\"uagb-heading-text\">Preguntas frecuentes<\/h2><\/div>\n\n\n<div class=\"wp-block-uagb-faq uagb-faq__outer-wrap uagb-block-06b9f9a1 uagb-faq-icon-row-reverse uagb-faq-layout-grid uagb-faq-expand-first-true uagb-faq-inactive-other-true uagb-faq__wrap uagb-buttons-layout-wrap uagb-faq-equal-height     \" data-faqtoggle=\"true\" role=\"tablist\"><div class=\"wp-block-uagb-faq-child uagb-faq-child__outer-wrap uagb-faq-item uagb-block-1c23c3ca \" role=\"tab\" tabindex=\"0\"><div class=\"uagb-faq-questions-button uagb-faq-questions\"><h5 class=\"uagb-question\">1. \u00bfQu\u00e9 es una VPN y c\u00f3mo funciona?<\/h5><\/div><div class=\"uagb-faq-content\"><p>Una VPN, o Red Privada Virtual, crea una conexi\u00f3n segura y encriptada entre tu dispositivo e Internet. Enmascara tu direcci\u00f3n IP para que parezca que navegas desde otro lugar. Esto ayuda a proteger sus actividades en l\u00ednea de piratas inform\u00e1ticos, vigilancia gubernamental y rastreo de ISP, a la vez que le permite acceder a contenidos con restricciones geogr\u00e1ficas.  <\/p><\/div><\/div><div class=\"wp-block-uagb-faq-child uagb-faq-child__outer-wrap uagb-faq-item uagb-block-195ede52 \" role=\"tab\" tabindex=\"0\"><div class=\"uagb-faq-questions-button uagb-faq-questions\"><h5 class=\"uagb-question\">3. \u00bfSon todas las VPN iguales?<\/h5><\/div><div class=\"uagb-faq-content\"><p>No, no todas las VPN son iguales. Las distintas VPN ofrecen diferentes caracter\u00edsticas, como la ubicaci\u00f3n de los servidores, los protocolos de encriptaci\u00f3n, las pol\u00edticas de registro y las velocidades. En <strong>VPNLove.me<\/strong>, revisamos y comparamos varios servicios VPN para ayudarte a encontrar el que mejor se adapte a tus necesidades, ya sea para streaming, privacidad o seguridad general en Internet.  <\/p><\/div><\/div><div class=\"wp-block-uagb-faq-child uagb-faq-child__outer-wrap uagb-faq-item uagb-block-80e402ad \" role=\"tab\" tabindex=\"0\"><div class=\"uagb-faq-questions-button uagb-faq-questions\"><h5 class=\"uagb-question\">2. \u00bfPor qu\u00e9 deber\u00eda utilizar una VPN?<\/h5><\/div><div class=\"uagb-faq-content\"><p>El uso de una VPN mejora su privacidad y seguridad en l\u00ednea al cifrar su conexi\u00f3n a Internet y ocultar su direcci\u00f3n IP. Esto impide el acceso no autorizado a su informaci\u00f3n personal, especialmente en redes Wi-Fi p\u00fablicas. Adem\u00e1s, una VPN te permite eludir las restricciones geogr\u00e1ficas y acceder a sitios web, servicios de streaming y contenidos que pueden estar bloqueados en tu regi\u00f3n.  <\/p><\/div><\/div><div class=\"wp-block-uagb-faq-child uagb-faq-child__outer-wrap uagb-faq-item uagb-block-9319d5ce \" role=\"tab\" tabindex=\"0\"><div class=\"uagb-faq-questions-button uagb-faq-questions\"><h5 class=\"uagb-question\">4. \u00bfPuedo utilizar una VPN en varios dispositivos?<\/h5><\/div><div class=\"uagb-faq-content\"><p>S\u00ed, la mayor\u00eda de los servicios VPN te permiten utilizar su servicio en varios dispositivos simult\u00e1neamente. Esto incluye ordenadores, smartphones, tabletas y, a veces, incluso routers. Comprueba la pol\u00edtica espec\u00edfica del proveedor de VPN en cuanto al n\u00famero de conexiones simult\u00e1neas permitidas y aseg\u00farate de elegir un servicio que se adapte a tus necesidades multidispositivo.  <\/p><\/div><\/div><\/div><\/div><\/div>\n","protected":false},"excerpt":{"rendered":"<p>Acerca de Nuestra misi\u00f3n At VPNLove.me, our mission is to empower individuals to browse the internet safely and without restrictions. In an increasingly digital world, protecting your personal information is more important than ever. That\u2019s why we dedicate ourselves to testing and reviewing a wide range of VPN services, ensuring that you can make informed [&hellip;]<\/p>\n","protected":false},"author":1,"featured_media":0,"parent":0,"menu_order":0,"comment_status":"closed","ping_status":"closed","template":"","meta":{"_uag_custom_page_level_css":"","site-sidebar-layout":"no-sidebar","site-content-layout":"plain-container","ast-site-content-layout":"normal-width-container","site-content-style":"unboxed","site-sidebar-style":"unboxed","ast-global-header-display":"","ast-banner-title-visibility":"","ast-main-header-display":"","ast-hfb-above-header-display":"","ast-hfb-below-header-display":"","ast-hfb-mobile-header-display":"","site-post-title":"disabled","ast-breadcrumbs-content":"","ast-featured-img":"disabled","footer-sml-layout":"","ast-disable-related-posts":"","theme-transparent-header-meta":"default","adv-header-id-meta":"","stick-header-meta":"","header-above-stick-meta":"","header-main-stick-meta":"","header-below-stick-meta":"","astra-migrate-meta-layouts":"default","ast-page-background-enabled":"default","ast-page-background-meta":{"desktop":{"background-color":"","background-image":"","background-repeat":"repeat","background-position":"center center","background-size":"auto","background-attachment":"scroll","background-type":"","background-media":"","overlay-type":"","overlay-color":"","overlay-opacity":"","overlay-gradient":""},"tablet":{"background-color":"","background-image":"","background-repeat":"repeat","background-position":"center center","background-size":"auto","background-attachment":"scroll","background-type":"","background-media":"","overlay-type":"","overlay-color":"","overlay-opacity":"","overlay-gradient":""},"mobile":{"background-color":"","background-image":"","background-repeat":"repeat","background-position":"center center","background-size":"auto","background-attachment":"scroll","background-type":"","background-media":"","overlay-type":"","overlay-color":"","overlay-opacity":"","overlay-gradient":""}},"ast-content-background-meta":{"desktop":{"background-color":"var(--ast-global-color-4)","background-image":"","background-repeat":"repeat","background-position":"center center","background-size":"auto","background-attachment":"scroll","background-type":"","background-media":"","overlay-type":"","overlay-color":"","overlay-opacity":"","overlay-gradient":""},"tablet":{"background-color":"var(--ast-global-color-4)","background-image":"","background-repeat":"repeat","background-position":"center center","background-size":"auto","background-attachment":"scroll","background-type":"","background-media":"","overlay-type":"","overlay-color":"","overlay-opacity":"","overlay-gradient":""},"mobile":{"background-color":"var(--ast-global-color-4)","background-image":"","background-repeat":"repeat","background-position":"center center","background-size":"auto","background-attachment":"scroll","background-type":"","background-media":"","overlay-type":"","overlay-color":"","overlay-opacity":"","overlay-gradient":""}},"footnotes":""},"class_list":["post-3882","page","type-page","status-publish","hentry"],"uagb_featured_image_src":{"full":false,"thumbnail":false,"medium":false,"medium_large":false,"large":false,"1536x1536":false,"2048x2048":false},"uagb_author_info":{"display_name":"admin","author_link":"https:\/\/vpnlove.me\/es\/author\/admin\/"},"uagb_comment_info":0,"uagb_excerpt":"Acerca de Nuestra misi\u00f3n At VPNLove.me, our mission is to empower individuals to browse the internet safely and without restrictions. In an increasingly digital world, protecting your personal information is more important than ever. That\u2019s why we dedicate ourselves to testing and reviewing a wide range of VPN services, ensuring that you can make informed&hellip;","_links":{"self":[{"href":"https:\/\/vpnlove.me\/es\/wp-json\/wp\/v2\/pages\/3882","targetHints":{"allow":["GET"]}}],"collection":[{"href":"https:\/\/vpnlove.me\/es\/wp-json\/wp\/v2\/pages"}],"about":[{"href":"https:\/\/vpnlove.me\/es\/wp-json\/wp\/v2\/types\/page"}],"author":[{"embeddable":true,"href":"https:\/\/vpnlove.me\/es\/wp-json\/wp\/v2\/users\/1"}],"replies":[{"embeddable":true,"href":"https:\/\/vpnlove.me\/es\/wp-json\/wp\/v2\/comments?post=3882"}],"version-history":[{"count":1,"href":"https:\/\/vpnlove.me\/es\/wp-json\/wp\/v2\/pages\/3882\/revisions"}],"predecessor-version":[{"id":3883,"href":"https:\/\/vpnlove.me\/es\/wp-json\/wp\/v2\/pages\/3882\/revisions\/3883"}],"wp:attachment":[{"href":"https:\/\/vpnlove.me\/es\/wp-json\/wp\/v2\/media?parent=3882"}],"curies":[{"name":"wp","href":"https:\/\/api.w.org\/{rel}","templated":true}]}}