{"id":3886,"date":"2024-10-15T10:24:03","date_gmt":"2024-10-15T10:24:03","guid":{"rendered":"https:\/\/vpnlove.me\/le-blog\/"},"modified":"2024-10-15T10:24:03","modified_gmt":"2024-10-15T10:24:03","slug":"le-blog","status":"publish","type":"page","link":"https:\/\/vpnlove.me\/fr\/le-blog\/","title":{"rendered":"Le blog"},"content":{"rendered":"\n<div class=\"wp-block-uagb-container uagb-block-a9de8738 alignfull uagb-is-root-container\"><div class=\"uagb-container-inner-blocks-wrap\">\n<div class=\"wp-block-uagb-advanced-heading uagb-block-44c41ad3\"><h1 class=\"uagb-heading-text\">Le blog<\/h1><\/div>\n<\/div><\/div>\n\n<div class=\"wp-block-uagb-container uagb-block-6ff3adc4 alignfull uagb-is-root-container\"><div class=\"uagb-container-inner-blocks-wrap\">\n<p class=\"has-text-align-center\" style=\"font-size:18px\">Restez inform\u00e9 gr\u00e2ce \u00e0 nos articles de blog, o\u00f9 nous nous penchons sur les derni\u00e8res tendances en mati\u00e8re de VPN,<br\/>conseils en mati\u00e8re de confidentialit\u00e9 et des \u00e9valuations approfondies des services pour vous permettre de surfer en toute s\u00e9curit\u00e9.<\/p>\n\n\n\n\t\t\t<div class=\"wp-block-uagb-post-grid uagb-post-grid  uagb-post__image-position-top uagb-post__image-enabled uagb-block-c3c5e18d     uagb-post__items uagb-post__columns-3 is-grid uagb-post__columns-tablet-2 uagb-post__columns-mobile-1 uagb-post__equal-height\" data-total=\"46\" style=\"\">\n\n\t\t\t\t\t\t\t\t\t\t\t\t<article class=\"uagb-post__inner-wrap\">\t\t\t\t\t\t\t\t<div class='uagb-post__image'>\n\t\t\t\t\t\t\t\t\t<a href=\"https:\/\/vpnlove.me\/fr\/navigation-securisee-sur-les-reseaux-wi-fi-publics-le-guide-complet-sur-les-vpn\/\" target=\"_self\" rel=\"bookmark noopener noreferrer\" class='uagb-image-ratio-2-3'><img fetchpriority=\"high\" decoding=\"async\" width=\"1024\" height=\"683\" src=\"https:\/\/vpnlove.me\/wp-content\/uploads\/2026\/03\/Secure-Browsing-on-Public-Wi\u2011Fi-The-Ultimate-VPN-Guide-1024x683.jpg\" class=\"attachment-large size-large\" alt=\"A hand touches a smartphone screen with a Wi-Fi symbol. Surrounding bubbles display icons representing technology and communication, suggesting connectivity.\" srcset=\"https:\/\/vpnlove.me\/wp-content\/uploads\/2026\/03\/Secure-Browsing-on-Public-Wi\u2011Fi-The-Ultimate-VPN-Guide-1024x683.jpg 1024w, https:\/\/vpnlove.me\/wp-content\/uploads\/2026\/03\/Secure-Browsing-on-Public-Wi\u2011Fi-The-Ultimate-VPN-Guide-300x200.jpg 300w, https:\/\/vpnlove.me\/wp-content\/uploads\/2026\/03\/Secure-Browsing-on-Public-Wi\u2011Fi-The-Ultimate-VPN-Guide-768x512.jpg 768w, https:\/\/vpnlove.me\/wp-content\/uploads\/2026\/03\/Secure-Browsing-on-Public-Wi\u2011Fi-The-Ultimate-VPN-Guide-1536x1024.jpg 1536w, https:\/\/vpnlove.me\/wp-content\/uploads\/2026\/03\/Secure-Browsing-on-Public-Wi\u2011Fi-The-Ultimate-VPN-Guide-2048x1365.jpg 2048w\" sizes=\"(max-width: 1024px) 100vw, 1024px\" \/>\t\t\t\t\t<\/a>\n\t\t\t\t\t\t\t<\/div>\n\t\t\t\t\t\t<h4 class=\"uagb-post__title uagb-post__text\">\n\t\t\t\t<a href=\"https:\/\/vpnlove.me\/fr\/navigation-securisee-sur-les-reseaux-wi-fi-publics-le-guide-complet-sur-les-vpn\/\" target=\"_self\" rel=\"bookmark noopener noreferrer\">Navigation s\u00e9curis\u00e9e sur les r\u00e9seaux Wi-Fi publics : le guide complet sur les VPN<\/a>\n\t\t\t<\/h4>\n\t\t\t\t\t\t<div class='uagb-post__text uagb-post-grid-byline'>\n\t\t\t\t\t\t\t\t<span class=\"uagb-post__author\">\n\t\t\t\t\t\t\t\t\t<a href=\"https:\/\/vpnlove.me\/fr\/author\/admin\/\" title=\"Articles par admin\" rel=\"author\">admin<\/a>\t\t\t\t<\/span>\n\t\t\t\t\t\t\t<time datetime=\"2026-03-24T07:04:49+00:00\" class=\"uagb-post__date\">\n\t\t\t\t\t\t\t\t\t24 mars 2026\t\t\t\t<\/time>\n\t\t\t\t\t\t<\/div>\n\t\t\t\t\t\t\t<div class='uagb-post__text uagb-post__excerpt'>\n\t\t\t\t\t<p>Navigation s\u00e9curis\u00e9e sur les r\u00e9seaux Wi-Fi publics : le guide complet sur les VPN Le&#8230;\t\t\t\t<\/div>\n\t\t\t\t\t\t<div class=\"uagb-post__text uagb-post__cta wp-block-button\">\n\t\t\t\t<a class=\"wp-block-button__link uagb-text-link\" style=\"\" href=\"https:\/\/vpnlove.me\/fr\/navigation-securisee-sur-les-reseaux-wi-fi-publics-le-guide-complet-sur-les-vpn\/\" target=\"_self\" rel=\"bookmark noopener noreferrer\">Lire la suite<\/a>\n\t\t\t<\/div>\n\t\t\t\n\t\t\t\t\t\t\t\t\t<\/article>\n\t\t\t\t\t\t\t\t\t\t\t\t\t\t\t\t<article class=\"uagb-post__inner-wrap\">\t\t\t\t\t\t\t\t<div class='uagb-post__image'>\n\t\t\t\t\t\t\t\t\t<a href=\"https:\/\/vpnlove.me\/fr\/les-meilleurs-vpn-pour-le-teletravail-en-2026-securisez-votre-connexion-et-protegez-vos-donnees\/\" target=\"_self\" rel=\"bookmark noopener noreferrer\" class='uagb-image-ratio-2-3'><img decoding=\"async\" width=\"1024\" height=\"683\" src=\"https:\/\/vpnlove.me\/wp-content\/uploads\/2026\/02\/VPNs-for-Remote-Work-1024x683.jpg\" class=\"attachment-large size-large\" alt=\"Man relaxing on a patio with a laptop, seated barefoot in a chair, overlooking a bright blue sea. Scene conveys tranquility and productivity.\" srcset=\"https:\/\/vpnlove.me\/wp-content\/uploads\/2026\/02\/VPNs-for-Remote-Work-1024x683.jpg 1024w, https:\/\/vpnlove.me\/wp-content\/uploads\/2026\/02\/VPNs-for-Remote-Work-300x200.jpg 300w, https:\/\/vpnlove.me\/wp-content\/uploads\/2026\/02\/VPNs-for-Remote-Work-768x512.jpg 768w, https:\/\/vpnlove.me\/wp-content\/uploads\/2026\/02\/VPNs-for-Remote-Work-1536x1024.jpg 1536w, https:\/\/vpnlove.me\/wp-content\/uploads\/2026\/02\/VPNs-for-Remote-Work-2048x1365.jpg 2048w\" sizes=\"(max-width: 1024px) 100vw, 1024px\" \/>\t\t\t\t\t<\/a>\n\t\t\t\t\t\t\t<\/div>\n\t\t\t\t\t\t<h4 class=\"uagb-post__title uagb-post__text\">\n\t\t\t\t<a href=\"https:\/\/vpnlove.me\/fr\/les-meilleurs-vpn-pour-le-teletravail-en-2026-securisez-votre-connexion-et-protegez-vos-donnees\/\" target=\"_self\" rel=\"bookmark noopener noreferrer\">Les meilleurs VPN pour le t\u00e9l\u00e9travail en 2026 : s\u00e9curisez votre connexion et prot\u00e9gez vos donn\u00e9es<\/a>\n\t\t\t<\/h4>\n\t\t\t\t\t\t<div class='uagb-post__text uagb-post-grid-byline'>\n\t\t\t\t\t\t\t\t<span class=\"uagb-post__author\">\n\t\t\t\t\t\t\t\t\t<a href=\"https:\/\/vpnlove.me\/fr\/author\/admin\/\" title=\"Articles par admin\" rel=\"author\">admin<\/a>\t\t\t\t<\/span>\n\t\t\t\t\t\t\t<time datetime=\"2026-03-17T05:48:09+00:00\" class=\"uagb-post__date\">\n\t\t\t\t\t\t\t\t\t17 mars 2026\t\t\t\t<\/time>\n\t\t\t\t\t\t<\/div>\n\t\t\t\t\t\t\t<div class='uagb-post__text uagb-post__excerpt'>\n\t\t\t\t\t<p>Les meilleurs VPN pour le t\u00e9l\u00e9travail en 2026 : s\u00e9curisez votre connexion et prot\u00e9gez vos&#8230;\t\t\t\t<\/div>\n\t\t\t\t\t\t<div class=\"uagb-post__text uagb-post__cta wp-block-button\">\n\t\t\t\t<a class=\"wp-block-button__link uagb-text-link\" style=\"\" href=\"https:\/\/vpnlove.me\/fr\/les-meilleurs-vpn-pour-le-teletravail-en-2026-securisez-votre-connexion-et-protegez-vos-donnees\/\" target=\"_self\" rel=\"bookmark noopener noreferrer\">Lire la suite<\/a>\n\t\t\t<\/div>\n\t\t\t\n\t\t\t\t\t\t\t\t\t<\/article>\n\t\t\t\t\t\t\t\t\t\t\t\t\t\t\t\t<article class=\"uagb-post__inner-wrap\">\t\t\t\t\t\t\t\t<div class='uagb-post__image'>\n\t\t\t\t\t\t\t\t\t<a href=\"https:\/\/vpnlove.me\/fr\/comment-configurer-un-vpn-sur-raspberry-pi-pour-une-navigation-et-un-streaming-securises\/\" target=\"_self\" rel=\"bookmark noopener noreferrer\" class='uagb-image-ratio-2-3'><img decoding=\"async\" width=\"1024\" height=\"640\" src=\"https:\/\/vpnlove.me\/wp-content\/uploads\/2026\/02\/Raspberry-Pi-VPN-for-network-security-1024x640.jpg\" class=\"attachment-large size-large\" alt=\"Hardware and software requirements for Raspberry Pi VPN\" srcset=\"https:\/\/vpnlove.me\/wp-content\/uploads\/2026\/02\/Raspberry-Pi-VPN-for-network-security-1024x640.jpg 1024w, https:\/\/vpnlove.me\/wp-content\/uploads\/2026\/02\/Raspberry-Pi-VPN-for-network-security-300x188.jpg 300w, https:\/\/vpnlove.me\/wp-content\/uploads\/2026\/02\/Raspberry-Pi-VPN-for-network-security-768x480.jpg 768w, https:\/\/vpnlove.me\/wp-content\/uploads\/2026\/02\/Raspberry-Pi-VPN-for-network-security-1536x960.jpg 1536w, https:\/\/vpnlove.me\/wp-content\/uploads\/2026\/02\/Raspberry-Pi-VPN-for-network-security-2048x1280.jpg 2048w\" sizes=\"(max-width: 1024px) 100vw, 1024px\" \/>\t\t\t\t\t<\/a>\n\t\t\t\t\t\t\t<\/div>\n\t\t\t\t\t\t<h4 class=\"uagb-post__title uagb-post__text\">\n\t\t\t\t<a href=\"https:\/\/vpnlove.me\/fr\/comment-configurer-un-vpn-sur-raspberry-pi-pour-une-navigation-et-un-streaming-securises\/\" target=\"_self\" rel=\"bookmark noopener noreferrer\">Comment configurer un VPN sur Raspberry Pi pour une navigation et un streaming s\u00e9curis\u00e9s<\/a>\n\t\t\t<\/h4>\n\t\t\t\t\t\t<div class='uagb-post__text uagb-post-grid-byline'>\n\t\t\t\t\t\t\t\t<span class=\"uagb-post__author\">\n\t\t\t\t\t\t\t\t\t<a href=\"https:\/\/vpnlove.me\/fr\/author\/admin\/\" title=\"Articles par admin\" rel=\"author\">admin<\/a>\t\t\t\t<\/span>\n\t\t\t\t\t\t\t<time datetime=\"2026-03-11T08:51:27+00:00\" class=\"uagb-post__date\">\n\t\t\t\t\t\t\t\t\t11 mars 2026\t\t\t\t<\/time>\n\t\t\t\t\t\t<\/div>\n\t\t\t\t\t\t\t<div class='uagb-post__text uagb-post__excerpt'>\n\t\t\t\t\tApprenez \u00e0 configurer un VPN sur un Raspberry Pi \u00e0 l&rsquo;aide de PiVPN et WireGuard&#8230;.\t\t\t\t<\/div>\n\t\t\t\t\t\t<div class=\"uagb-post__text uagb-post__cta wp-block-button\">\n\t\t\t\t<a class=\"wp-block-button__link uagb-text-link\" style=\"\" href=\"https:\/\/vpnlove.me\/fr\/comment-configurer-un-vpn-sur-raspberry-pi-pour-une-navigation-et-un-streaming-securises\/\" target=\"_self\" rel=\"bookmark noopener noreferrer\">Lire la suite<\/a>\n\t\t\t<\/div>\n\t\t\t\n\t\t\t\t\t\t\t\t\t<\/article>\n\t\t\t\t\t\t\t\t\t\t\t<\/div>\n\t\t\t<\/div><\/div>\n","protected":false},"excerpt":{"rendered":"<p>Le blog Restez inform\u00e9 gr\u00e2ce \u00e0 nos articles de blog, o\u00f9 nous nous penchons sur les derni\u00e8res tendances en mati\u00e8re de VPN,conseils en mati\u00e8re de confidentialit\u00e9 et des \u00e9valuations approfondies des services pour vous permettre de surfer en toute s\u00e9curit\u00e9.<\/p>\n","protected":false},"author":1,"featured_media":0,"parent":0,"menu_order":0,"comment_status":"closed","ping_status":"closed","template":"","meta":{"_uag_custom_page_level_css":"","site-sidebar-layout":"no-sidebar","site-content-layout":"plain-container","ast-site-content-layout":"normal-width-container","site-content-style":"unboxed","site-sidebar-style":"unboxed","ast-global-header-display":"","ast-banner-title-visibility":"","ast-main-header-display":"","ast-hfb-above-header-display":"","ast-hfb-below-header-display":"","ast-hfb-mobile-header-display":"","site-post-title":"disabled","ast-breadcrumbs-content":"","ast-featured-img":"disabled","footer-sml-layout":"","ast-disable-related-posts":"","theme-transparent-header-meta":"default","adv-header-id-meta":"","stick-header-meta":"","header-above-stick-meta":"","header-main-stick-meta":"","header-below-stick-meta":"","astra-migrate-meta-layouts":"default","ast-page-background-enabled":"default","ast-page-background-meta":{"desktop":{"background-color":"","background-image":"","background-repeat":"repeat","background-position":"center center","background-size":"auto","background-attachment":"scroll","background-type":"","background-media":"","overlay-type":"","overlay-color":"","overlay-opacity":"","overlay-gradient":""},"tablet":{"background-color":"","background-image":"","background-repeat":"repeat","background-position":"center center","background-size":"auto","background-attachment":"scroll","background-type":"","background-media":"","overlay-type":"","overlay-color":"","overlay-opacity":"","overlay-gradient":""},"mobile":{"background-color":"","background-image":"","background-repeat":"repeat","background-position":"center center","background-size":"auto","background-attachment":"scroll","background-type":"","background-media":"","overlay-type":"","overlay-color":"","overlay-opacity":"","overlay-gradient":""}},"ast-content-background-meta":{"desktop":{"background-color":"var(--ast-global-color-4)","background-image":"","background-repeat":"repeat","background-position":"center center","background-size":"auto","background-attachment":"scroll","background-type":"","background-media":"","overlay-type":"","overlay-color":"","overlay-opacity":"","overlay-gradient":""},"tablet":{"background-color":"var(--ast-global-color-4)","background-image":"","background-repeat":"repeat","background-position":"center center","background-size":"auto","background-attachment":"scroll","background-type":"","background-media":"","overlay-type":"","overlay-color":"","overlay-opacity":"","overlay-gradient":""},"mobile":{"background-color":"var(--ast-global-color-4)","background-image":"","background-repeat":"repeat","background-position":"center center","background-size":"auto","background-attachment":"scroll","background-type":"","background-media":"","overlay-type":"","overlay-color":"","overlay-opacity":"","overlay-gradient":""}},"footnotes":""},"class_list":["post-3886","page","type-page","status-publish","hentry"],"uagb_featured_image_src":{"full":false,"thumbnail":false,"medium":false,"medium_large":false,"large":false,"1536x1536":false,"2048x2048":false},"uagb_author_info":{"display_name":"admin","author_link":"https:\/\/vpnlove.me\/fr\/author\/admin\/"},"uagb_comment_info":0,"uagb_excerpt":"Le blog Restez inform\u00e9 gr\u00e2ce \u00e0 nos articles de blog, o\u00f9 nous nous penchons sur les derni\u00e8res tendances en mati\u00e8re de VPN,conseils en mati\u00e8re de confidentialit\u00e9 et des \u00e9valuations approfondies des services pour vous permettre de surfer en toute s\u00e9curit\u00e9.","_links":{"self":[{"href":"https:\/\/vpnlove.me\/fr\/wp-json\/wp\/v2\/pages\/3886","targetHints":{"allow":["GET"]}}],"collection":[{"href":"https:\/\/vpnlove.me\/fr\/wp-json\/wp\/v2\/pages"}],"about":[{"href":"https:\/\/vpnlove.me\/fr\/wp-json\/wp\/v2\/types\/page"}],"author":[{"embeddable":true,"href":"https:\/\/vpnlove.me\/fr\/wp-json\/wp\/v2\/users\/1"}],"replies":[{"embeddable":true,"href":"https:\/\/vpnlove.me\/fr\/wp-json\/wp\/v2\/comments?post=3886"}],"version-history":[{"count":1,"href":"https:\/\/vpnlove.me\/fr\/wp-json\/wp\/v2\/pages\/3886\/revisions"}],"predecessor-version":[{"id":3887,"href":"https:\/\/vpnlove.me\/fr\/wp-json\/wp\/v2\/pages\/3886\/revisions\/3887"}],"wp:attachment":[{"href":"https:\/\/vpnlove.me\/fr\/wp-json\/wp\/v2\/media?parent=3886"}],"curies":[{"name":"wp","href":"https:\/\/api.w.org\/{rel}","templated":true}]}}