{"id":4240,"date":"2024-10-21T10:41:08","date_gmt":"2024-10-21T10:41:08","guid":{"rendered":"https:\/\/vpnlove.me\/termini-e-condizioni\/"},"modified":"2024-10-21T10:41:09","modified_gmt":"2024-10-21T10:41:09","slug":"termini-e-condizioni","status":"publish","type":"page","link":"https:\/\/vpnlove.me\/it\/termini-e-condizioni\/","title":{"rendered":"Termini e condizioni"},"content":{"rendered":"\n<div class=\"wp-block-uagb-container uagb-block-3cccbad4 alignfull uagb-is-root-container\"><div class=\"uagb-container-inner-blocks-wrap\">\n<div class=\"wp-block-uagb-advanced-heading uagb-block-b2acb170\"><h1 class=\"uagb-heading-text\">Termini e condizioni<\/h1><\/div>\n<\/div><\/div>\n\n<p><\/p>\n\n<p>Ultimo aggiornamento: 30 settembre 2024<\/p>\n\n<p>Si prega di leggere attentamente questi termini e condizioni prima di utilizzare il nostro Servizio.<\/p>\n\n<h2 class=\"wp-block-heading\">Interpretazione e definizioni<\/h2>\n\n<h3 class=\"wp-block-heading\">Interpretazione<\/h3>\n\n<p>Le parole la cui lettera iniziale \u00e8 maiuscola hanno un significato definito nelle seguenti condizioni. Le seguenti definizioni hanno lo stesso significato indipendentemente dal fatto che appaiano al singolare o al plurale. <\/p>\n\n<h3 class=\"wp-block-heading\">Definizioni<\/h3>\n\n<p>Ai fini dei presenti Termini e Condizioni:<\/p>\n\n<ul class=\"wp-block-list\">\n<li><strong>Per affiliata<\/strong> si intende un&#8217;entit\u00e0 che controlla, \u00e8 controllata o \u00e8 sottoposta a controllo comune con una parte, dove per \u201ccontrollo\u201d si intende la propriet\u00e0 del 50% o pi\u00f9 delle azioni, dei titoli azionari o di altri titoli che danno diritto di voto per l&#8217;elezione degli amministratori o di altri poteri di gestione.<\/li>\n\n\n\n<li><strong>Il paese<\/strong> si riferisce a: California, Stati Uniti<\/li>\n\n\n\n<li><strong>L&#8217;Azienda<\/strong> (indicata come \u201cl&#8217;Azienda\u201d, \u201cNoi\u201d, \u201cCi\u201d o \u201cNostro\u201d nel presente Contratto) si riferisce a vpnlove.me.<\/li>\n\n\n\n<li><strong>Per dispositivo<\/strong> si intende qualsiasi dispositivo in grado di accedere al Servizio, come un computer, un telefono cellulare o una tavoletta digitale.<\/li>\n\n\n\n<li><strong>Il servizio<\/strong> si riferisce al sito web.<\/li>\n\n\n\n<li><strong>Per Termini e condizioni <\/strong>(indicati anche come \u201cTermini\u201d) si intendono i presenti Termini e condizioni che costituiscono l&#8217;intero accordo tra l&#8217;Utente e la Societ\u00e0 in merito all&#8217;utilizzo del Servizio. <\/li>\n\n\n\n<li><strong>Per Servizio di social media<\/strong> di terzi si intende qualsiasi servizio o contenuto (compresi dati, informazioni, prodotti o servizi) fornito da terzi che pu\u00f2 essere visualizzato, incluso o reso disponibile dal Servizio.<\/li>\n\n\n\n<li><strong>Il sito web<\/strong> fa riferimento a vpnlove.me, accessibile da <a href=\"https:\/\/vpnlove.me\/it\/\" target=\"_blank\" rel=\"noreferrer noopener\">https:\/\/vpnlove.me\/<\/a>.<\/li>\n\n\n\n<li><strong>Per utente<\/strong> si intende l&#8217;individuo che accede o utilizza il Servizio, o la societ\u00e0 o altra persona giuridica per conto della quale tale individuo accede o utilizza il Servizio, a seconda dei casi.<\/li>\n<\/ul>\n\n<h2 class=\"wp-block-heading\">Riconoscimento<\/h2>\n\n<p>Questi sono i Termini e le Condizioni che regolano l&#8217;uso di questo Servizio e l&#8217;accordo che intercorre tra l&#8217;Utente e la Societ\u00e0. I presenti Termini e condizioni stabiliscono i diritti e gli obblighi di tutti gli utenti in merito all&#8217;utilizzo del Servizio. <\/p>\n\n<p>L&#8217;accesso e l&#8217;utilizzo del Servizio da parte dell&#8217;utente sono subordinati all&#8217;accettazione e al rispetto dei presenti Termini e condizioni. I presenti Termini e condizioni si applicano a tutti i visitatori, utenti e altri soggetti che accedono o utilizzano il Servizio. <\/p>\n\n<p>Accedendo o utilizzando il Servizio, l&#8217;Utente accetta di essere vincolato dai presenti Termini e condizioni. Se l&#8217;Utente non \u00e8 d&#8217;accordo con una qualsiasi parte dei presenti Termini e condizioni, non pu\u00f2 accedere al Servizio. <\/p>\n\n<p>L&#8217;utente dichiara di avere pi\u00f9 di 18 anni. La Societ\u00e0 non consente ai minori di 18 anni di utilizzare il Servizio. <\/p>\n\n<p>L&#8217;accesso e l&#8217;utilizzo del Servizio da parte dell&#8217;Utente sono inoltre subordinati all&#8217;accettazione e al rispetto della Politica sulla privacy della Societ\u00e0. La nostra Informativa sulla privacy descrive le nostre politiche e procedure sulla raccolta, l&#8217;uso e la divulgazione dei dati personali dell&#8217;Utente quando utilizza l&#8217;Applicazione o il Sito web e informa l&#8217;Utente sui suoi diritti alla privacy e su come la legge lo protegge. Si prega di leggere attentamente la nostra Informativa sulla privacy prima di utilizzare il nostro Servizio.  <\/p>\n\n<h2 class=\"wp-block-heading\">Link ad altri siti web<\/h2>\n\n<p>Il nostro Servizio pu\u00f2 contenere link a siti web o servizi di terzi che non sono di propriet\u00e0 o controllati dalla Societ\u00e0.<\/p>\n\n<p>La Societ\u00e0 non ha alcun controllo e non si assume alcuna responsabilit\u00e0 per il contenuto, le politiche sulla privacy o le pratiche di qualsiasi sito web o servizio di terzi. L&#8217;utente riconosce e accetta inoltre che la Societ\u00e0 non sar\u00e0 responsabile, direttamente o indirettamente, per eventuali danni o perdite causati o che si presume possano essere causati da o in connessione con l&#8217;uso o l&#8217;affidamento su tali contenuti, beni o servizi disponibili su o attraverso tali siti web o servizi. <\/p>\n\n<p>Consigliamo vivamente all&#8217;Utente di leggere i termini e le condizioni e le politiche sulla privacy di qualsiasi sito o servizio web di terzi che l&#8217;Utente visita.<\/p>\n\n<h2 class=\"wp-block-heading\">Terminazione<\/h2>\n\n<p>Possiamo interrompere o sospendere l&#8217;accesso dell&#8217;Utente immediatamente, senza preavviso o responsabilit\u00e0, per qualsiasi motivo, incluso, a titolo esemplificativo, se l&#8217;Utente viola i presenti Termini e condizioni.<\/p>\n\n<p>In caso di risoluzione, il diritto dell&#8217;Utente di utilizzare il Servizio cesser\u00e0 immediatamente.<\/p>\n\n<h2 class=\"wp-block-heading\">Limitazione di responsabilit\u00e0<\/h2>\n\n<p>A prescindere da eventuali danni che l&#8217;Utente potrebbe subire, l&#8217;intera responsabilit\u00e0 della Societ\u00e0 e dei suoi fornitori ai sensi di qualsiasi disposizione dei presenti Termini e il rimedio esclusivo dell&#8217;Utente per tutto ci\u00f2 sar\u00e0 limitato all&#8217;importo effettivamente pagato dall&#8217;Utente tramite il Servizio o a 100 USD se l&#8217;Utente non ha acquistato nulla tramite il Servizio.<\/p>\n\n<p>Nella misura massima consentita dalla legge applicabile, in nessun caso la Societ\u00e0 o i suoi fornitori saranno responsabili per danni speciali, incidentali, indiretti o consequenziali di qualsiasi tipo (inclusi, ma non limitati a, danni per perdita di profitti, perdita di dati o altre informazioni, per interruzione dell&#8217;attivit\u00e0, per lesioni personali, perdita di privacy derivanti da o in qualsiasi modo correlati all&#8217;utilizzo o all&#8217;impossibilit\u00e0 di utilizzare il Servizio, il software di terzi e\/o l&#8217;hardware di terzi utilizzato con il Servizio, o comunque in relazione a qualsiasi disposizione dei presenti Termini), anche se la Societ\u00e0 o qualsiasi fornitore \u00e8 stato avvisato della possibilit\u00e0 di tali danni e anche se il rimedio fallisce il suo scopo essenziale.<\/p>\n\n<p>Alcuni Stati non consentono l&#8217;esclusione di garanzie implicite o la limitazione di responsabilit\u00e0 per danni incidentali o consequenziali, il che significa che alcune delle limitazioni di cui sopra potrebbero non essere applicabili. In questi Stati, la responsabilit\u00e0 di ciascuna parte sar\u00e0 limitata nella misura massima consentita dalla legge. <\/p>\n\n<h2 class=\"wp-block-heading\">\u201cCOS\u00cc COM&#8217;\u00c8\u201d e \u2018COME DISPONIBILE\u2019.<\/h2>\n\n<p>Il Servizio viene fornito all&#8217;Utente \u201cCOS\u00cc COM&#8217;\u00c8\u201d e \u201cCOME DISPONIBILE\u201d e con tutti i difetti e le mancanze senza alcun tipo di garanzia. Nella misura massima consentita dalla legge applicabile, la Societ\u00e0, per conto proprio e per conto delle sue Affiliate e dei suoi rispettivi licenziatari e fornitori di servizi, declina espressamente tutte le garanzie, espresse, implicite, legali o di altro tipo, in relazione al Servizio, comprese tutte le garanzie implicite di commerciabilit\u00e0, idoneit\u00e0 per uno scopo particolare, titolarit\u00e0 e non violazione, e le garanzie che possono derivare da un comportamento commerciale, dall&#8217;esecuzione, dagli usi o dalla prassi commerciale. Senza limitazioni a quanto sopra, la Societ\u00e0 non fornisce alcuna garanzia o impegno e non dichiara in alcun modo che il Servizio soddisfer\u00e0 i requisiti dell&#8217;Utente, raggiunger\u00e0 i risultati previsti, sar\u00e0 compatibile o funzioner\u00e0 con qualsiasi altro software, applicazione, sistema o servizio, funzioner\u00e0 senza interruzioni, soddisfer\u00e0 qualsiasi standard di prestazione o affidabilit\u00e0 o sar\u00e0 privo di errori o che qualsiasi errore o difetto potr\u00e0 essere corretto.  <\/p>\n\n<p>Senza limitare quanto sopra, n\u00e9 la Societ\u00e0 n\u00e9 alcuno dei suoi fornitori rilascia alcuna dichiarazione o garanzia di alcun tipo, espressa o implicita: (i) in merito al funzionamento o alla disponibilit\u00e0 del Servizio, o alle informazioni, ai contenuti, ai materiali o ai prodotti in esso inclusi; (ii) che il Servizio sar\u00e0 ininterrotto o privo di errori; (iii) in merito all&#8217;accuratezza, all&#8217;affidabilit\u00e0 o all&#8217;attualit\u00e0 di qualsiasi informazione o contenuto fornito attraverso il Servizio; o (iv) che il Servizio, i suoi server, i contenuti o le e-mail inviate da o per conto della Societ\u00e0 siano privi di virus, script, cavalli di Troia, worm, malware, timebomb o altri componenti dannosi.    <\/p>\n\n<p>Alcune giurisdizioni non consentono l&#8217;esclusione di alcuni tipi di garanzie o limitazioni dei diritti legali applicabili a un consumatore, pertanto alcune o tutte le esclusioni e limitazioni di cui sopra potrebbero non essere applicabili all&#8217;Utente. In tal caso, tuttavia, le esclusioni e le limitazioni di cui alla presente sezione saranno applicate nella massima misura possibile ai sensi della legge applicabile. <\/p>\n\n<h2 class=\"wp-block-heading\">Legge applicabile<\/h2>\n\n<p>Le leggi del Paese, escluse le norme sui conflitti di legge, disciplinano i presenti Termini e l&#8217;utilizzo del Servizio da parte dell&#8217;Utente. L&#8217;utilizzo dell&#8217;Applicazione da parte dell&#8217;Utente pu\u00f2 essere soggetto anche ad altre leggi locali, statali, nazionali o internazionali. <\/p>\n\n<h2 class=\"wp-block-heading\">Risoluzione delle controversie<\/h2>\n\n<p>In caso di dubbi o controversie sul Servizio, l&#8217;Utente si impegna a cercare di risolvere la controversia in modo informale contattando la Societ\u00e0.<\/p>\n\n<h2 class=\"wp-block-heading\">Per gli utenti dell&#8217;Unione Europea (UE)<\/h2>\n\n<p>Se l&#8217;Utente \u00e8 un consumatore dell&#8217;Unione Europea, beneficer\u00e0 delle disposizioni obbligatorie della legge del paese in cui risiede.<\/p>\n\n<h2 class=\"wp-block-heading\">Conformit\u00e0 legale negli Stati Uniti<\/h2>\n\n<p>L&#8217;utente dichiara e garantisce che (i) non si trova in un paese soggetto a embargo da parte del governo degli Stati Uniti, o che \u00e8 stato designato dal governo degli Stati Uniti come paese \u201csostenitore del terrorismo\u201d, e (ii) non \u00e8 elencato in nessun elenco del governo degli Stati Uniti di parti proibite o limitate.  <\/p>\n\n<h2 class=\"wp-block-heading\">Separabilit\u00e0 e rinuncia<\/h2>\n\n<h3 class=\"wp-block-heading\">Severit\u00e0<\/h3>\n\n<p>Se una qualsiasi disposizione dei presenti Termini \u00e8 ritenuta inapplicabile o non valida, tale disposizione sar\u00e0 modificata e interpretata per raggiungere gli obiettivi di tale disposizione nella massima misura possibile in base alla legge applicabile e le restanti disposizioni continueranno ad avere pieno vigore ed effetto.<\/p>\n\n<h3 class=\"wp-block-heading\">Rinuncia<\/h3>\n\n<p>Salvo quanto previsto nel presente documento, il mancato esercizio di un diritto o la mancata richiesta di adempimento di un obbligo ai sensi dei presenti Termini non pregiudicher\u00e0 la possibilit\u00e0 di una parte di esercitare tale diritto o di richiedere tale adempimento in qualsiasi momento successivo, n\u00e9 la rinuncia a una violazione costituir\u00e0 una rinuncia a qualsiasi violazione successiva.<\/p>\n\n<h2 class=\"wp-block-heading\">Traduzione Interpretazione<\/h2>\n\n<p>I presenti Termini e condizioni possono essere stati tradotti se sono stati messi a disposizione dell&#8217;utente sul nostro Servizio. L&#8217;Utente accetta che il testo originale in inglese prevalga in caso di controversia. <\/p>\n\n<h2 class=\"wp-block-heading\">Modifiche ai presenti Termini e condizioni<\/h2>\n\n<p>Ci riserviamo il diritto, a nostra esclusiva discrezione, di modificare o sostituire le presenti Condizioni in qualsiasi momento. In caso di modifiche sostanziali, ci impegneremo a fornire un preavviso di almeno 30 giorni prima dell&#8217;entrata in vigore dei nuovi termini. Ci\u00f2 che costituisce una modifica sostanziale sar\u00e0 determinato a Nostra esclusiva discrezione.  <\/p>\n\n<p>Continuando ad accedere o utilizzare il nostro Servizio dopo l&#8217;entrata in vigore di tali revisioni, l&#8217;Utente accetta di essere vincolato ai termini rivisti. Se l&#8217;Utente non accetta i nuovi termini, in tutto o in parte, \u00e8 pregato di interrompere l&#8217;utilizzo del sito web e del Servizio. <\/p>\n\n<h2 class=\"wp-block-heading\">Contatto<\/h2>\n\n<p>In caso di domande sui presenti Termini e condizioni, \u00e8 possibile contattarci:<\/p>\n\n<ul class=\"wp-block-list\">\n<li>Per e-mail: vpnlove.me.1@protonmail.com<\/li>\n\n\n\n<li>Visitando questa pagina del nostro sito web: <a href=\"https:\/\/vpnlove.me\/contact-us\/\" target=\"_blank\" rel=\"noreferrer noopener\">https:\/\/vpnlove.me\/contact-us\/<\/a><\/li>\n<\/ul>\n\n<p><\/p>\n","protected":false},"excerpt":{"rendered":"<p>Termini e condizioni Ultimo aggiornamento: 30 settembre 2024 Si prega di leggere attentamente questi termini e condizioni prima di utilizzare il nostro Servizio. Interpretazione e definizioni Interpretazione Le parole la cui lettera iniziale \u00e8 maiuscola hanno un significato definito nelle seguenti condizioni. Le seguenti definizioni hanno lo stesso significato indipendentemente dal fatto che appaiano al [&hellip;]<\/p>\n","protected":false},"author":1,"featured_media":0,"parent":0,"menu_order":0,"comment_status":"closed","ping_status":"closed","template":"","meta":{"_uag_custom_page_level_css":"","site-sidebar-layout":"default","site-content-layout":"","ast-site-content-layout":"default","site-content-style":"default","site-sidebar-style":"default","ast-global-header-display":"","ast-banner-title-visibility":"","ast-main-header-display":"","ast-hfb-above-header-display":"","ast-hfb-below-header-display":"","ast-hfb-mobile-header-display":"","site-post-title":"disabled","ast-breadcrumbs-content":"","ast-featured-img":"","footer-sml-layout":"","ast-disable-related-posts":"","theme-transparent-header-meta":"","adv-header-id-meta":"","stick-header-meta":"","header-above-stick-meta":"","header-main-stick-meta":"","header-below-stick-meta":"","astra-migrate-meta-layouts":"default","ast-page-background-enabled":"default","ast-page-background-meta":{"desktop":{"background-color":"","background-image":"","background-repeat":"repeat","background-position":"center center","background-size":"auto","background-attachment":"scroll","background-type":"","background-media":"","overlay-type":"","overlay-color":"","overlay-opacity":"","overlay-gradient":""},"tablet":{"background-color":"","background-image":"","background-repeat":"repeat","background-position":"center center","background-size":"auto","background-attachment":"scroll","background-type":"","background-media":"","overlay-type":"","overlay-color":"","overlay-opacity":"","overlay-gradient":""},"mobile":{"background-color":"","background-image":"","background-repeat":"repeat","background-position":"center center","background-size":"auto","background-attachment":"scroll","background-type":"","background-media":"","overlay-type":"","overlay-color":"","overlay-opacity":"","overlay-gradient":""}},"ast-content-background-meta":{"desktop":{"background-color":"var(--ast-global-color-4)","background-image":"","background-repeat":"repeat","background-position":"center center","background-size":"auto","background-attachment":"scroll","background-type":"","background-media":"","overlay-type":"","overlay-color":"","overlay-opacity":"","overlay-gradient":""},"tablet":{"background-color":"var(--ast-global-color-4)","background-image":"","background-repeat":"repeat","background-position":"center center","background-size":"auto","background-attachment":"scroll","background-type":"","background-media":"","overlay-type":"","overlay-color":"","overlay-opacity":"","overlay-gradient":""},"mobile":{"background-color":"var(--ast-global-color-4)","background-image":"","background-repeat":"repeat","background-position":"center center","background-size":"auto","background-attachment":"scroll","background-type":"","background-media":"","overlay-type":"","overlay-color":"","overlay-opacity":"","overlay-gradient":""}},"footnotes":""},"class_list":["post-4240","page","type-page","status-publish","hentry"],"uagb_featured_image_src":{"full":false,"thumbnail":false,"medium":false,"medium_large":false,"large":false,"1536x1536":false,"2048x2048":false},"uagb_author_info":{"display_name":"admin","author_link":"https:\/\/vpnlove.me\/it\/author\/admin\/"},"uagb_comment_info":0,"uagb_excerpt":"Termini e condizioni Ultimo aggiornamento: 30 settembre 2024 Si prega di leggere attentamente questi termini e condizioni prima di utilizzare il nostro Servizio. Interpretazione e definizioni Interpretazione Le parole la cui lettera iniziale \u00e8 maiuscola hanno un significato definito nelle seguenti condizioni. Le seguenti definizioni hanno lo stesso significato indipendentemente dal fatto che appaiano al&hellip;","_links":{"self":[{"href":"https:\/\/vpnlove.me\/it\/wp-json\/wp\/v2\/pages\/4240","targetHints":{"allow":["GET"]}}],"collection":[{"href":"https:\/\/vpnlove.me\/it\/wp-json\/wp\/v2\/pages"}],"about":[{"href":"https:\/\/vpnlove.me\/it\/wp-json\/wp\/v2\/types\/page"}],"author":[{"embeddable":true,"href":"https:\/\/vpnlove.me\/it\/wp-json\/wp\/v2\/users\/1"}],"replies":[{"embeddable":true,"href":"https:\/\/vpnlove.me\/it\/wp-json\/wp\/v2\/comments?post=4240"}],"version-history":[{"count":1,"href":"https:\/\/vpnlove.me\/it\/wp-json\/wp\/v2\/pages\/4240\/revisions"}],"predecessor-version":[{"id":4241,"href":"https:\/\/vpnlove.me\/it\/wp-json\/wp\/v2\/pages\/4240\/revisions\/4241"}],"wp:attachment":[{"href":"https:\/\/vpnlove.me\/it\/wp-json\/wp\/v2\/media?parent=4240"}],"curies":[{"name":"wp","href":"https:\/\/api.w.org\/{rel}","templated":true}]}}