{"id":4246,"date":"2024-10-21T11:39:40","date_gmt":"2024-10-21T11:39:40","guid":{"rendered":"https:\/\/vpnlove.me\/informativa-sulla-privacy\/"},"modified":"2024-10-21T11:39:41","modified_gmt":"2024-10-21T11:39:41","slug":"informativa-sulla-privacy","status":"publish","type":"page","link":"https:\/\/vpnlove.me\/it\/informativa-sulla-privacy\/","title":{"rendered":"Informativa sulla privacy"},"content":{"rendered":"\n<div class=\"wp-block-uagb-container uagb-block-3cccbad4 alignfull uagb-is-root-container\"><div class=\"uagb-container-inner-blocks-wrap\">\n<div class=\"wp-block-uagb-advanced-heading uagb-block-b2acb170\"><h1 class=\"uagb-heading-text\">Informativa sulla privacy<\/h1><\/div>\n<\/div><\/div>\n\n<p><\/p>\n\n<p>Ultimo aggiornamento: 30 settembre 2024<\/p>\n\n<p>La presente Informativa sulla privacy descrive le nostre politiche e procedure sulla raccolta, l&#8217;utilizzo e la divulgazione delle informazioni dell&#8217;Utente quando utilizza il Servizio e informa l&#8217;Utente sui suoi diritti alla privacy e su come la legge lo protegge.<\/p>\n\n<p>Utilizziamo i dati personali dell&#8217;Utente per fornire e migliorare il Servizio. Utilizzando il Servizio, l&#8217;Utente accetta la raccolta e l&#8217;utilizzo delle informazioni in conformit\u00e0 con la presente Informativa sulla privacy.  <\/p>\n\n<h2 class=\"wp-block-heading\">Interpretazione e definizioni<\/h2>\n\n<h3 class=\"wp-block-heading\">Interpretazione<\/h3>\n\n<p>Le parole la cui lettera iniziale \u00e8 maiuscola hanno un significato definito nelle seguenti condizioni. Le seguenti definizioni hanno lo stesso significato indipendentemente dal fatto che appaiano al singolare o al plurale. <\/p>\n\n<h3 class=\"wp-block-heading\">Definizioni<\/h3>\n\n<p>Ai fini della presente Informativa sulla privacy:<\/p>\n\n<ul class=\"wp-block-list\">\n<li><strong>Per Account<\/strong> si intende un account unico creato per l&#8217;Utente per accedere al nostro Servizio o a parti di esso.<\/li>\n\n\n\n<li><strong>Per affiliata<\/strong> si intende un&#8217;entit\u00e0 che controlla, \u00e8 controllata o \u00e8 sottoposta a controllo comune con una parte, dove per \u201ccontrollo\u201d si intende la propriet\u00e0 del 50% o pi\u00f9 delle azioni, dei titoli azionari o di altri titoli che danno diritto di voto per l&#8217;elezione degli amministratori o di altri poteri di gestione.<\/li>\n\n\n\n<li><strong>L&#8217;Azienda<\/strong> (indicata come \u201cl&#8217;Azienda\u201d, \u201cNoi\u201d, \u201cCi\u201d o \u201cNostro\u201d nel presente Contratto) si riferisce a vpnlove.me.<\/li>\n\n\n\n<li><strong>I cookie<\/strong> sono piccoli file che vengono inseriti da un sito web nel computer, nel dispositivo mobile o in qualsiasi altro dispositivo dell&#8217;utente e che contengono, tra le altre cose, i dettagli della cronologia di navigazione dell&#8217;utente su quel sito web.<\/li>\n\n\n\n<li><strong>Il paese<\/strong> si riferisce a: California, Stati Uniti<\/li>\n\n\n\n<li><strong>Per dispositivo<\/strong> si intende qualsiasi dispositivo in grado di accedere al Servizio, come un computer, un telefono cellulare o una tavoletta digitale.<\/li>\n\n\n\n<li><strong>Per dati personali<\/strong> si intendono tutte le informazioni relative a un individuo identificato o identificabile.<\/li>\n\n\n\n<li><strong>Il servizio<\/strong> si riferisce al sito web.<\/li>\n\n\n\n<li><strong>Per fornitore <\/strong>di servizi si intende qualsiasi persona fisica o giuridica che elabora i dati per conto della Societ\u00e0. Si riferisce a societ\u00e0 o persone terze impiegate dalla Societ\u00e0 per facilitare il Servizio, per fornire il Servizio per conto della Societ\u00e0, per eseguire servizi correlati al Servizio o per assistere la Societ\u00e0 nell&#8217;analisi delle modalit\u00e0 di utilizzo del Servizio. <\/li>\n\n\n\n<li><strong>I Dati<\/strong> di utilizzo si riferiscono a dati raccolti automaticamente, generati dall&#8217;uso del Servizio o dalla stessa infrastruttura del Servizio (ad esempio, la durata della visita di una pagina).<\/li>\n\n\n\n<li><strong>Il sito web<\/strong> fa riferimento a vpnlove.me, accessibile da <a href=\"https:\/\/vpnlove.me\/it\/\" target=\"_blank\" rel=\"noreferrer noopener\">https:\/\/vpnlove.me\/<\/a>.<\/li>\n\n\n\n<li><strong>Per utente<\/strong> si intende l&#8217;individuo che accede o utilizza il Servizio, o la societ\u00e0 o altra persona giuridica per conto della quale tale individuo accede o utilizza il Servizio, a seconda dei casi.<\/li>\n<\/ul>\n\n<h2 class=\"wp-block-heading\">Raccolta e utilizzo dei dati personali<\/h2>\n\n<h3 class=\"wp-block-heading\">Tipi di dati raccolti<\/h3>\n\n<h4 class=\"wp-block-heading\">Dati personali<\/h4>\n\n<p>Durante l&#8217;utilizzo del nostro Servizio, potremmo chiedervi di fornirci alcune informazioni di identificazione personale che possono essere utilizzate per contattarvi o identificarvi. Le informazioni di identificazione personale possono includere, a titolo esemplificativo ma non esaustivo: <\/p>\n\n<ul class=\"wp-block-list\">\n<li>Indirizzo e-mail<\/li>\n\n\n\n<li>Nome e cognome<\/li>\n\n\n\n<li>Numero di telefono<\/li>\n\n\n\n<li>Dati di utilizzo<\/li>\n<\/ul>\n\n<h4 class=\"wp-block-heading\">Usage data<\/h4>\n\n<p>I Dati di utilizzo vengono raccolti automaticamente durante l&#8217;utilizzo del Servizio.<\/p>\n\n<p>I Dati di utilizzo possono includere informazioni quali l&#8217;indirizzo del protocollo Internet del dispositivo dell&#8217;Utente (ad esempio, l&#8217;indirizzo IP), il tipo di browser, la versione del browser, le pagine del nostro Servizio visitate dall&#8217;Utente, l&#8217;ora e la data della visita, il tempo trascorso su tali pagine, gli identificatori unici del dispositivo e altri dati diagnostici.<\/p>\n\n<p>Quando l&#8217;Utente accede al Servizio da o tramite un dispositivo mobile, possiamo raccogliere automaticamente alcune informazioni, tra cui, a titolo esemplificativo, il tipo di dispositivo mobile utilizzato dall&#8217;Utente, l&#8217;ID univoco del dispositivo mobile, l&#8217;indirizzo IP del dispositivo mobile, il sistema operativo mobile, il tipo di browser Internet mobile utilizzato dall&#8217;Utente, gli identificatori univoci del dispositivo e altri dati diagnostici.<\/p>\n\n<p>Possiamo anche raccogliere le informazioni che il browser dell&#8217;utente invia ogni volta che visita il nostro Servizio o quando accede al Servizio da o tramite un dispositivo mobile.<\/p>\n\n<h4 class=\"wp-block-heading\">Tecnologie di tracciamento e cookie<\/h4>\n\n<p>Utilizziamo i cookie e tecnologie di tracciamento simili per monitorare l&#8217;attivit\u00e0 sul nostro Servizio e memorizzare determinate informazioni. Le tecnologie di tracciamento utilizzate sono beacon, tag e script per raccogliere e tracciare informazioni e per migliorare e analizzare il Nostro Servizio. Le tecnologie che utilizziamo possono includere:  <\/p>\n\n<ul class=\"wp-block-list\">\n<li><strong>Cookie o cookie del browser.<\/strong> Un cookie \u00e8 un piccolo file collocato sul dispositivo dell&#8217;utente. L&#8217;Utente pu\u00f2 indicare al proprio browser di rifiutare tutti i cookie o di segnalare l&#8217;invio di un cookie. Tuttavia, se non accettate i cookie, potreste non essere in grado di utilizzare alcune parti del nostro Servizio. A meno che non abbiate regolato le impostazioni del vostro browser in modo da rifiutare i cookie, il nostro Servizio potrebbe utilizzare i cookie.   <\/li>\n\n\n\n<li><strong>Web Beacon.<\/strong> Alcune sezioni del nostro Servizio e le nostre e-mail possono contenere piccoli file elettronici noti come web beacon (denominati anche clear gif, pixel tag e single-pixel gif) che consentono alla Societ\u00e0, ad esempio, di contare gli utenti che hanno visitato tali pagine o aperto un&#8217;e-mail e per altre statistiche relative al sito web (ad esempio, registrando la popolarit\u00e0 di una determinata sezione e verificando l&#8217;integrit\u00e0 del sistema e del server).<\/li>\n<\/ul>\n\n<p>I cookie possono essere \u201cpersistenti\u201d o \u201cdi sessione\u201d. I cookie persistenti rimangono sul computer o sul dispositivo mobile dell&#8217;utente anche quando l&#8217;utente non \u00e8 in linea, mentre i cookie di sessione vengono eliminati non appena l&#8217;utente chiude il browser web.  <\/p>\n\n<p>Utilizziamo sia cookie di sessione che cookie persistenti per le finalit\u00e0 indicate di seguito:<\/p>\n\n<ul class=\"wp-block-list\">\n<li><strong>Cookie necessari \/ essenzialiTipo<\/strong>: Cookie di sessioneAmministrato da: NoiScopo: Questi cookie sono essenziali per fornire all&#8217;utente i servizi disponibili attraverso il sito web e per consentirgli di utilizzare alcune delle sue funzionalit\u00e0. Aiutano ad autenticare gli utenti e a prevenire l&#8217;uso fraudolento degli account utente. Senza questi cookie, i servizi richiesti dall&#8217;utente non possono essere forniti e noi li utilizziamo solo per fornire tali servizi.  <\/li>\n\n\n\n<li><strong>Informativa sui cookie \/ Avviso Accettazione dei cookie<\/strong> Tipo: Cookie persistentiAmministrato da: NoiScopo: Questi cookie identificano se gli utenti hanno accettato l&#8217;uso dei cookie sul sito web.<\/li>\n\n\n\n<li><strong>Cookie di funzionalit\u00e0Tipo<\/strong>: Cookie persistentiAmministrato da: NoiScopo: Questi cookie ci permettono di ricordare le scelte effettuate dall&#8217;utente durante l&#8217;utilizzo del sito web, come ad esempio ricordare i dati di accesso o la lingua preferita. Lo scopo di questi cookie \u00e8 quello di fornire all&#8217;Utente un&#8217;esperienza pi\u00f9 personale e di evitare che l&#8217;Utente debba reinserire le proprie preferenze ogni volta che utilizza il Sito. <\/li>\n<\/ul>\n\n<p>Per ulteriori informazioni sui cookie che utilizziamo e sulle vostre scelte in materia di cookie, visitate la nostra Politica sui cookie o la sezione Cookie della nostra Informativa sulla privacy.<\/p>\n\n<h3 class=\"wp-block-heading\">Utilizzo dei dati personali<\/h3>\n\n<p>La Societ\u00e0 pu\u00f2 utilizzare i Dati personali per i seguenti scopi:<\/p>\n\n<ul class=\"wp-block-list\">\n<li><strong>Per fornire e mantenere il nostro Servizio<\/strong>, compreso il monitoraggio dell&#8217;utilizzo del nostro Servizio.<\/li>\n\n\n\n<li><strong>To manage Your Account:<\/strong> to manage Your registration as a user of the Service. The Personal Data You provide can give You access to different functionalities of the Service that are available to You as a registered user. <\/li>\n\n\n\n<li><strong>Per l&#8217;esecuzione di un contratto<\/strong>: lo sviluppo, l&#8217;adempimento e l&#8217;esecuzione del contratto di acquisto dei prodotti, articoli o servizi da Voi acquistati o di qualsiasi altro contratto stipulato con Noi attraverso il Servizio.<\/li>\n\n\n\n<li><strong>Per contattarLa:<\/strong> Contattare l&#8217;Utente tramite e-mail, telefonate, SMS o altre forme equivalenti di comunicazione elettronica, come le notifiche push di un&#8217;applicazione mobile, in merito agli aggiornamenti o alle comunicazioni informative relative alle funzionalit\u00e0, ai prodotti o ai servizi oggetto del contratto, compresi gli aggiornamenti di sicurezza, quando necessario o ragionevole per la loro attuazione.<\/li>\n\n\n\n<li><strong>Per fornirvi notizie<\/strong>, offerte speciali e informazioni generali su altri beni, servizi ed eventi che offriamo e che sono simili a quelli che avete gi\u00e0 acquistato o per i quali avete richiesto informazioni, a meno che non abbiate scelto di non ricevere tali informazioni.<\/li>\n\n\n\n<li><strong>Gestire le Sue richieste:<\/strong> Per assistere e gestire le Sue richieste a Noi.<\/li>\n\n\n\n<li><strong>Per trasferimenti aziendali: <\/strong>Potremmo utilizzare le informazioni dell&#8217;utente per valutare o condurre una fusione, una cessione, una ristrutturazione, una riorganizzazione, uno scioglimento o un&#8217;altra vendita o trasferimento di alcuni o di tutti i nostri beni, sia come azienda in attivit\u00e0 che come parte di un fallimento, di una liquidazione o di un procedimento simile, in cui i dati personali in nostro possesso relativi agli utenti dei nostri servizi siano tra i beni trasferiti.<\/li>\n\n\n\n<li><strong>Per altri scopi:<\/strong> Possiamo utilizzare le Sue informazioni per altri scopi, quali l&#8217;analisi dei dati, l&#8217;identificazione delle tendenze d&#8217;uso, la determinazione dell&#8217;efficacia delle nostre campagne promozionali e la valutazione e il miglioramento del nostro Servizio, dei prodotti, dei servizi, del marketing e della Sua esperienza.<\/li>\n<\/ul>\n\n<p>Possiamo condividere i Suoi dati personali nelle seguenti situazioni:<\/p>\n\n<ul class=\"wp-block-list\">\n<li><strong>Con i fornitori di servizi: <\/strong>Possiamo condividere le informazioni personali dell&#8217;utente con i fornitori di servizi per monitorare e analizzare l&#8217;uso del nostro servizio, per contattare l&#8217;utente.<\/li>\n\n\n\n<li><strong>Per trasferimenti aziendali:<\/strong> Potremmo condividere o trasferire le informazioni personali dell&#8217;utente in relazione a, o durante le trattative di, qualsiasi fusione, vendita di beni aziendali, finanziamento o acquisizione di tutta o parte della nostra attivit\u00e0 a un&#8217;altra societ\u00e0.<\/li>\n\n\n\n<li><strong>Con gli affiliati: <\/strong>Possiamo condividere le informazioni dell&#8217;utente con le nostre affiliate, nel qual caso richiederemo a tali affiliate di rispettare la presente Informativa sulla privacy. Le societ\u00e0 affiliate comprendono la nostra societ\u00e0 madre e qualsiasi altra societ\u00e0 controllata, partner di joint venture o altre societ\u00e0 che controlliamo o che sono sotto controllo comune con noi. <\/li>\n\n\n\n<li><strong>Con i partner commerciali: <\/strong>Possiamo condividere le informazioni dell&#8217;utente con i nostri partner commerciali per offrirgli determinati prodotti, servizi o promozioni.<\/li>\n\n\n\n<li><strong>Con altri utenti:<\/strong> quando l&#8217;Utente condivide informazioni personali o interagisce in altro modo nelle aree pubbliche con altri utenti, tali informazioni possono essere visualizzate da tutti gli utenti e possono essere diffuse pubblicamente all&#8217;esterno.<\/li>\n\n\n\n<li><strong>Con il consenso dell&#8217;utente: <\/strong>Possiamo divulgare i Suoi dati personali per qualsiasi altro scopo con il Suo consenso.<\/li>\n<\/ul>\n\n<h3 class=\"wp-block-heading\">Conservazione dei dati personali<\/h3>\n\n<p>La Societ\u00e0 conserver\u00e0 i Dati personali dell&#8217;utente solo per il tempo necessario agli scopi indicati nella presente Informativa sulla privacy. Conserveremo e utilizzeremo i Dati personali dell&#8217;utente nella misura necessaria per adempiere ai nostri obblighi legali (ad esempio, se siamo tenuti a conservare i dati dell&#8217;utente per ottemperare alle leggi applicabili), risolvere le controversie e applicare i nostri accordi e politiche legali. <\/p>\n\n<p>La Societ\u00e0 conserver\u00e0 inoltre i Dati di utilizzo a scopo di analisi interna. I Dati di utilizzo vengono generalmente conservati per un periodo di tempo pi\u00f9 breve, tranne nei casi in cui tali dati vengano utilizzati per rafforzare la sicurezza o migliorare la funzionalit\u00e0 del nostro Servizio, o quando siamo legalmente obbligati a conservare tali dati per periodi di tempo pi\u00f9 lunghi. <\/p>\n\n<h3 class=\"wp-block-heading\">Trasferimento dei dati personali<\/h3>\n\n<p>Le Sue informazioni, compresi i Dati personali, sono trattate presso gli uffici operativi della Societ\u00e0 e in qualsiasi altro luogo in cui si trovino le parti coinvolte nel trattamento. Ci\u00f2 significa che tali informazioni possono essere trasferite a &#8211; e mantenute su &#8211; computer situati al di fuori del vostro stato, provincia, paese o altra giurisdizione governativa in cui le leggi sulla protezione dei dati possono essere diverse da quelle della vostra giurisdizione. <\/p>\n\n<p>Il consenso dell&#8217;utente alla presente Informativa sulla privacy seguito dall&#8217;invio di tali informazioni rappresenta il consenso dell&#8217;utente a tale trasferimento.<\/p>\n\n<p>La Societ\u00e0 adotter\u00e0 tutte le misure ragionevolmente necessarie per garantire che i dati dell&#8217;utente siano trattati in modo sicuro e in conformit\u00e0 con la presente Informativa sulla privacy e nessun trasferimento dei dati personali dell&#8217;utente avverr\u00e0 a un&#8217;organizzazione o a un paese a meno che non vi siano controlli adeguati in atto, compresa la sicurezza dei dati dell&#8217;utente e di altre informazioni personali.<\/p>\n\n<h3 class=\"wp-block-heading\">Cancellare i propri dati personali<\/h3>\n\n<p>L&#8217;utente ha il diritto di cancellare o di richiedere l&#8217;assistenza della Societ\u00e0 per la cancellazione dei dati personali che abbiamo raccolto su di lui.<\/p>\n\n<p>Il nostro Servizio pu\u00f2 dare all&#8217;Utente la possibilit\u00e0 di cancellare alcune informazioni che lo riguardano dall&#8217;interno del Servizio.<\/p>\n\n<p>L&#8217;utente pu\u00f2 aggiornare, modificare o cancellare le proprie informazioni in qualsiasi momento accedendo al proprio account, se ne possiede uno, e visitando la sezione delle impostazioni dell&#8217;account che consente di gestire le proprie informazioni personali. L&#8217;utente pu\u00f2 anche contattarci per richiedere l&#8217;accesso, la correzione o l&#8217;eliminazione di qualsiasi informazione personale che ci ha fornito. <\/p>\n\n<p>Si prega di notare, tuttavia, che potremmo aver bisogno di conservare alcune informazioni quando abbiamo un obbligo legale o una base legittima per farlo.<\/p>\n\n<h3 class=\"wp-block-heading\">Divulgazione dei dati personali<\/h3>\n\n<h4 class=\"wp-block-heading\">Transazioni commerciali<\/h4>\n\n<p>Se la Societ\u00e0 \u00e8 coinvolta in una fusione, un&#8217;acquisizione o una vendita di attivit\u00e0, i vostri dati personali potrebbero essere trasferiti. Vi informeremo prima che i vostri dati personali vengano trasferiti e diventino soggetti a una diversa Informativa sulla privacy. <\/p>\n\n<h4 class=\"wp-block-heading\">Applicazione della legge<\/h4>\n\n<p>In determinate circostanze, la Societ\u00e0 potrebbe essere tenuta a divulgare i Dati personali dell&#8217;utente se richiesto dalla legge o in risposta a richieste valide da parte di autorit\u00e0 pubbliche (ad esempio, un tribunale o un&#8217;agenzia governativa).<\/p>\n\n<h4 class=\"wp-block-heading\">Altri requisiti legali<\/h4>\n\n<p>La Societ\u00e0 pu\u00f2 divulgare i vostri dati personali ritenendo in buona fede che tale azione sia necessaria per:<\/p>\n\n<ul class=\"wp-block-list\">\n<li>Adempiere a un obbligo legale<\/li>\n\n\n\n<li>proteggere e difendere i diritti o la propriet\u00e0 dell&#8217;Azienda<\/li>\n\n\n\n<li>prevenire o indagare su eventuali illeciti in relazione al Servizio<\/li>\n\n\n\n<li>proteggere la sicurezza personale degli utenti del Servizio o del pubblico<\/li>\n\n\n\n<li>Proteggere dalla responsabilit\u00e0 legale<\/li>\n<\/ul>\n\n<h3 class=\"wp-block-heading\">Sicurezza dei dati personali<\/h3>\n\n<p>La sicurezza dei vostri dati personali \u00e8 importante per noi, ma ricordate che nessun metodo di trasmissione su Internet o di archiviazione elettronica \u00e8 sicuro al 100%. Sebbene ci sforziamo di utilizzare mezzi commercialmente accettabili per proteggere i Dati personali dell&#8217;utente, non possiamo garantirne l&#8217;assoluta sicurezza. <\/p>\n\n<h2 class=\"wp-block-heading\">Privacy dei bambini<\/h2>\n\n<p>Il nostro Servizio non si rivolge a persone di et\u00e0 inferiore ai 13 anni. Non raccogliamo consapevolmente informazioni di identificazione personale da persone di et\u00e0 inferiore ai 13 anni. Se siete un genitore o un tutore e siete a conoscenza del fatto che vostro figlio ci ha fornito dati personali, siete pregati di contattarci. Se veniamo a conoscenza di aver raccolto dati personali da persone di et\u00e0 inferiore ai 13 anni senza aver verificato il consenso dei genitori, ci attiviamo per rimuovere tali informazioni dai nostri server.   <\/p>\n\n<p>Se dobbiamo fare affidamento sul consenso come base giuridica per il trattamento delle informazioni dell&#8217;utente e il paese dell&#8217;utente richiede il consenso di un genitore, possiamo richiedere il consenso del genitore prima di raccogliere e utilizzare tali informazioni.<\/p>\n\n<h2 class=\"wp-block-heading\">Link ad altri siti web<\/h2>\n\n<p>Il nostro Servizio pu\u00f2 contenere link ad altri siti web che non sono gestiti da noi. Se l&#8217;Utente clicca su un link di terzi, sar\u00e0 indirizzato al sito di questi ultimi. Consigliamo vivamente all&#8217;Utente di prendere visione dell&#8217;Informativa sulla privacy di ogni sito visitato.  <\/p>\n\n<p>Non abbiamo alcun controllo e non ci assumiamo alcuna responsabilit\u00e0 per il contenuto, le politiche sulla privacy o le pratiche di siti o servizi di terzi.<\/p>\n\n<h2 class=\"wp-block-heading\">Modifiche alla presente Informativa sulla privacy<\/h2>\n\n<p>Possiamo aggiornare la nostra Informativa sulla privacy di tanto in tanto. Vi informeremo di eventuali modifiche pubblicando la nuova Informativa sulla privacy su questa pagina. <\/p>\n\n<p>Vi informeremo via e-mail e\/o con un avviso ben visibile sul nostro Servizio, prima che la modifica diventi effettiva e aggiorneremo la data \u201cUltimo aggiornamento\u201d in cima alla presente Informativa sulla privacy.<\/p>\n\n<p>Si consiglia di rivedere periodicamente la presente Informativa sulla privacy per eventuali modifiche. Le modifiche alla presente Informativa sulla privacy entrano in vigore nel momento in cui vengono pubblicate su questa pagina. <\/p>\n\n<h2 class=\"wp-block-heading\">Contatto<\/h2>\n\n<p>In caso di domande sulla presente Informativa sulla privacy, \u00e8 possibile contattarci:<\/p>\n\n<ul class=\"wp-block-list\">\n<li>Per e-mail: vpnlove.me.1@protonmail.com<\/li>\n\n\n\n<li>Visitando questa pagina del nostro sito web: <a href=\"https:\/\/vpnlove.me\/contact-us\/\" target=\"_blank\" rel=\"noreferrer noopener\">https:\/\/vpnlove.me\/contact-us\/<\/a><\/li>\n<\/ul>\n\n<p><\/p>\n","protected":false},"excerpt":{"rendered":"<p>Informativa sulla privacy Ultimo aggiornamento: 30 settembre 2024 La presente Informativa sulla privacy descrive le nostre politiche e procedure sulla raccolta, l&#8217;utilizzo e la divulgazione delle informazioni dell&#8217;Utente quando utilizza il Servizio e informa l&#8217;Utente sui suoi diritti alla privacy e su come la legge lo protegge. Utilizziamo i dati personali dell&#8217;Utente per fornire e [&hellip;]<\/p>\n","protected":false},"author":1,"featured_media":0,"parent":0,"menu_order":0,"comment_status":"closed","ping_status":"closed","template":"","meta":{"_uag_custom_page_level_css":"","site-sidebar-layout":"default","site-content-layout":"","ast-site-content-layout":"default","site-content-style":"default","site-sidebar-style":"default","ast-global-header-display":"","ast-banner-title-visibility":"","ast-main-header-display":"","ast-hfb-above-header-display":"","ast-hfb-below-header-display":"","ast-hfb-mobile-header-display":"","site-post-title":"disabled","ast-breadcrumbs-content":"","ast-featured-img":"","footer-sml-layout":"","ast-disable-related-posts":"","theme-transparent-header-meta":"","adv-header-id-meta":"","stick-header-meta":"","header-above-stick-meta":"","header-main-stick-meta":"","header-below-stick-meta":"","astra-migrate-meta-layouts":"default","ast-page-background-enabled":"default","ast-page-background-meta":{"desktop":{"background-color":"","background-image":"","background-repeat":"repeat","background-position":"center center","background-size":"auto","background-attachment":"scroll","background-type":"","background-media":"","overlay-type":"","overlay-color":"","overlay-opacity":"","overlay-gradient":""},"tablet":{"background-color":"","background-image":"","background-repeat":"repeat","background-position":"center center","background-size":"auto","background-attachment":"scroll","background-type":"","background-media":"","overlay-type":"","overlay-color":"","overlay-opacity":"","overlay-gradient":""},"mobile":{"background-color":"","background-image":"","background-repeat":"repeat","background-position":"center center","background-size":"auto","background-attachment":"scroll","background-type":"","background-media":"","overlay-type":"","overlay-color":"","overlay-opacity":"","overlay-gradient":""}},"ast-content-background-meta":{"desktop":{"background-color":"var(--ast-global-color-4)","background-image":"","background-repeat":"repeat","background-position":"center center","background-size":"auto","background-attachment":"scroll","background-type":"","background-media":"","overlay-type":"","overlay-color":"","overlay-opacity":"","overlay-gradient":""},"tablet":{"background-color":"var(--ast-global-color-4)","background-image":"","background-repeat":"repeat","background-position":"center center","background-size":"auto","background-attachment":"scroll","background-type":"","background-media":"","overlay-type":"","overlay-color":"","overlay-opacity":"","overlay-gradient":""},"mobile":{"background-color":"var(--ast-global-color-4)","background-image":"","background-repeat":"repeat","background-position":"center center","background-size":"auto","background-attachment":"scroll","background-type":"","background-media":"","overlay-type":"","overlay-color":"","overlay-opacity":"","overlay-gradient":""}},"footnotes":""},"class_list":["post-4246","page","type-page","status-publish","hentry"],"uagb_featured_image_src":{"full":false,"thumbnail":false,"medium":false,"medium_large":false,"large":false,"1536x1536":false,"2048x2048":false},"uagb_author_info":{"display_name":"admin","author_link":"https:\/\/vpnlove.me\/it\/author\/admin\/"},"uagb_comment_info":0,"uagb_excerpt":"Informativa sulla privacy Ultimo aggiornamento: 30 settembre 2024 La presente Informativa sulla privacy descrive le nostre politiche e procedure sulla raccolta, l&#8217;utilizzo e la divulgazione delle informazioni dell&#8217;Utente quando utilizza il Servizio e informa l&#8217;Utente sui suoi diritti alla privacy e su come la legge lo protegge. Utilizziamo i dati personali dell&#8217;Utente per fornire e&hellip;","_links":{"self":[{"href":"https:\/\/vpnlove.me\/it\/wp-json\/wp\/v2\/pages\/4246","targetHints":{"allow":["GET"]}}],"collection":[{"href":"https:\/\/vpnlove.me\/it\/wp-json\/wp\/v2\/pages"}],"about":[{"href":"https:\/\/vpnlove.me\/it\/wp-json\/wp\/v2\/types\/page"}],"author":[{"embeddable":true,"href":"https:\/\/vpnlove.me\/it\/wp-json\/wp\/v2\/users\/1"}],"replies":[{"embeddable":true,"href":"https:\/\/vpnlove.me\/it\/wp-json\/wp\/v2\/comments?post=4246"}],"version-history":[{"count":1,"href":"https:\/\/vpnlove.me\/it\/wp-json\/wp\/v2\/pages\/4246\/revisions"}],"predecessor-version":[{"id":4247,"href":"https:\/\/vpnlove.me\/it\/wp-json\/wp\/v2\/pages\/4246\/revisions\/4247"}],"wp:attachment":[{"href":"https:\/\/vpnlove.me\/it\/wp-json\/wp\/v2\/media?parent=4246"}],"curies":[{"name":"wp","href":"https:\/\/api.w.org\/{rel}","templated":true}]}}