{"id":4274,"date":"2024-10-22T05:36:41","date_gmt":"2024-10-22T05:36:41","guid":{"rendered":"https:\/\/vpnlove.me\/termos-e-condicoes\/"},"modified":"2024-10-22T05:36:42","modified_gmt":"2024-10-22T05:36:42","slug":"termos-e-condicoes","status":"publish","type":"page","link":"https:\/\/vpnlove.me\/pt-pt\/termos-e-condicoes\/","title":{"rendered":"Termos e condi\u00e7\u00f5es"},"content":{"rendered":"\n<div class=\"wp-block-uagb-container uagb-block-3cccbad4 alignfull uagb-is-root-container\"><div class=\"uagb-container-inner-blocks-wrap\">\n<div class=\"wp-block-uagb-advanced-heading uagb-block-b2acb170\"><h1 class=\"uagb-heading-text\">Termos e condi\u00e7\u00f5es<\/h1><\/div>\n<\/div><\/div>\n\n<p><\/p>\n\n<p>\u00daltima atualiza\u00e7\u00e3o: 30 setembro, 2024<\/p>\n\n<p>Leia atentamente estes termos e condi\u00e7\u00f5es antes de utilizar o nosso servi\u00e7o.<\/p>\n\n<h2 class=\"wp-block-heading\">Interpreta\u00e7\u00f5es e defini\u00e7\u00f5es<\/h2>\n\n<h3 class=\"wp-block-heading\">Interpreta\u00e7\u00e3o<\/h3>\n\n<p>Uma palavra com a primeira letra mai\u00fascula tem um significado definido, sob reserva das seguintes condi\u00e7\u00f5es. As defini\u00e7\u00f5es seguintes t\u00eam o mesmo significado, independentemente do facto de estarem no singular ou no plural. <\/p>\n\n<h3 class=\"wp-block-heading\">Defini\u00e7\u00e3o<\/h3>\n\n<p>Para efeitos dos presentes Termos e Condi\u00e7\u00f5es:<\/p>\n\n<ul class=\"wp-block-list\">\n<li><strong>Afiliada <\/strong>significa uma entidade que controla, \u00e9 controlada por, ou est\u00e1 sob controlo comum com uma Parte, em que \u201ccontrolo\u201d significa a propriedade de mais de 50% das ac\u00e7\u00f5es, capital ou outros t\u00edtulos com direito a voto para a elei\u00e7\u00e3o de diretores ou outra autoridade de gest\u00e3o.<\/li>\n\n\n\n<li><strong>O estado<\/strong> representa Calif\u00f3rnia, EUA<\/li>\n\n\n\n<li><strong>Empresa <\/strong>(referida no presente Acordo como \u201cEmpresa\u201d, \u201cn\u00f3s\u201d, \u201cnos\u201d ou \u201cnosso\u201d) significa vpnlove.me.<\/li>\n\n\n\n<li><strong>Um dispositivo<\/strong> \u00e9 qualquer dispositivo que possa aceder ao servi\u00e7o, como um computador, um telem\u00f3vel ou um tablet digital.<\/li>\n\n\n\n<li><strong>Um servi\u00e7o<\/strong> \u00e9 um s\u00edtio Web.<\/li>\n\n\n\n<li><strong>Termos e Condi\u00e7\u00f5es<\/strong> (tamb\u00e9m referidos como \u201cTermos\u201d) significam estes Termos e Condi\u00e7\u00f5es que constituem o acordo integral entre o Utilizador e a Empresa relativamente \u00e0 utiliza\u00e7\u00e3o do Servi\u00e7o. <\/li>\n\n\n\n<li><strong>Servi\u00e7o de redes sociais de terceiros significa<\/strong> quaisquer servi\u00e7os ou conte\u00fados (incluindo dados, informa\u00e7\u00f5es, produtos ou servi\u00e7os) fornecidos por terceiros que possam ser apresentados, inclu\u00eddos ou disponibilizados pelo Servi\u00e7o.<\/li>\n\n\n\n<li><strong>O s\u00edtio Web<\/strong> refere-se a vpnlove.me, que pode ser acedido em <a href=\"https:\/\/vpnlove.me\/pt-pt\/\" target=\"_blank\" rel=\"noreferrer noopener\">https:\/\/vpnlove.me\/.<\/a><\/li>\n\n\n\n<li><strong>O utilizador<\/strong> significa o indiv\u00edduo que acede ou utiliza os Servi\u00e7os, ou a empresa ou outra entidade legal que acede ou utiliza os Servi\u00e7os em nome desse indiv\u00edduo (conforme aplic\u00e1vel).<\/li>\n<\/ul>\n\n<h2 class=\"wp-block-heading\">Agradecimentos<\/h2>\n\n<p>Estes s\u00e3o os Termos e Condi\u00e7\u00f5es que regem a utiliza\u00e7\u00e3o deste Servi\u00e7o e o acordo que vigora entre o Utilizador e a Empresa. Estes Termos e Condi\u00e7\u00f5es estabelecem os direitos e obriga\u00e7\u00f5es de todos os utilizadores relativamente \u00e0 utiliza\u00e7\u00e3o do Servi\u00e7o. <\/p>\n\n<p>O acesso e a utiliza\u00e7\u00e3o do Servi\u00e7o por parte do utilizador est\u00e3o condicionados \u00e0 aceita\u00e7\u00e3o e ao cumprimento dos presentes Termos e Condi\u00e7\u00f5es. Estes Termos e Condi\u00e7\u00f5es aplicam-se a todos os visitantes, utilizadores e outros que acedam ou utilizem o Servi\u00e7o. <\/p>\n\n<p>Ao aceder ou utilizar o Servi\u00e7o, o Utilizador aceita ficar vinculado aos presentes Termos e Condi\u00e7\u00f5es. Se o Utilizador n\u00e3o concordar com qualquer parte destes Termos e Condi\u00e7\u00f5es, n\u00e3o poder\u00e1 aceder ao Servi\u00e7o. <\/p>\n\n<p>O utilizador declara ter mais de 18 anos de idade. A Empresa n\u00e3o permite que menores de 18 anos utilizem o Servi\u00e7o. <\/p>\n\n<p>O acesso e a utiliza\u00e7\u00e3o do Servi\u00e7o por parte do Utilizador est\u00e3o tamb\u00e9m condicionados \u00e0 aceita\u00e7\u00e3o e cumprimento da Pol\u00edtica de Privacidade da Empresa. A nossa Pol\u00edtica de Privacidade descreve as nossas pol\u00edticas e procedimentos sobre a recolha, utiliza\u00e7\u00e3o e divulga\u00e7\u00e3o das suas informa\u00e7\u00f5es pessoais quando utiliza a Aplica\u00e7\u00e3o ou o Website e informa-o sobre os seus direitos de privacidade e a forma como a lei o protege. Leia atentamente a nossa Pol\u00edtica de Privacidade antes de utilizar o nosso Servi\u00e7o.  <\/p>\n\n<h2 class=\"wp-block-heading\">Liga\u00e7\u00f5es para outros s\u00edtios Web<\/h2>\n\n<p>O nosso Servi\u00e7o pode conter links para sites ou servi\u00e7os de terceiros que n\u00e3o s\u00e3o propriedade ou controlados pela Empresa.<\/p>\n\n<p>A Empresa n\u00e3o tem controlo e n\u00e3o assume qualquer responsabilidade pelo conte\u00fado, pol\u00edticas de privacidade ou pr\u00e1ticas de quaisquer sites ou servi\u00e7os de terceiros. O utilizador reconhece e concorda ainda que a Empresa n\u00e3o ser\u00e1 respons\u00e1vel, direta ou indiretamente, por qualquer dano ou perda causados ou alegadamente causados por ou em liga\u00e7\u00e3o com a utiliza\u00e7\u00e3o de ou confian\u00e7a em qualquer conte\u00fado, bens ou servi\u00e7os dispon\u00edveis em ou atrav\u00e9s de tais sites ou servi\u00e7os. <\/p>\n\n<p>Aconselhamos vivamente o Utilizador a ler os termos e condi\u00e7\u00f5es e as pol\u00edticas de privacidade de quaisquer sites ou servi\u00e7os de terceiros que visite.<\/p>\n\n<h2 class=\"wp-block-heading\">Rescis\u00e3o<\/h2>\n\n<p>Podemos terminar ou suspender o acesso do Utilizador imediatamente, sem aviso pr\u00e9vio ou responsabilidade, por qualquer motivo, incluindo, sem limita\u00e7\u00e3o, se o Utilizador violar estes Termos e Condi\u00e7\u00f5es.<\/p>\n\n<p>Ap\u00f3s a rescis\u00e3o, o direito do Utilizador de utilizar o Servi\u00e7o cessar\u00e1 imediatamente.<\/p>\n\n<h2 class=\"wp-block-heading\">Limita\u00e7\u00e3o da responsabilidade<\/h2>\n\n<p>N\u00e3o obstante quaisquer danos em que o Utilizador possa incorrer, a responsabilidade total da Empresa e de qualquer um dos seus fornecedores ao abrigo de qualquer disposi\u00e7\u00e3o das presentes Condi\u00e7\u00f5es e o recurso exclusivo do Utilizador para tudo o que precede ser\u00e3o limitados ao montante efetivamente pago pelo Utilizador atrav\u00e9s do Servi\u00e7o ou a 100 USD se o Utilizador n\u00e3o tiver adquirido nada atrav\u00e9s do Servi\u00e7o.<\/p>\n\n<p>Na medida m\u00e1xima permitida pela lei aplic\u00e1vel, em caso algum a Empresa ou os seus fornecedores ser\u00e3o respons\u00e1veis por quaisquer danos especiais, acidentais, indirectos ou consequenciais (incluindo, mas n\u00e3o se limitando a, danos por perda de lucros, perda de dados ou outras informa\u00e7\u00f5es, por interrup\u00e7\u00e3o de neg\u00f3cios, por danos pessoais, perda de privacidade resultante de ou de qualquer forma relacionada com a utiliza\u00e7\u00e3o ou incapacidade de utiliza\u00e7\u00e3o do Servi\u00e7o, software de terceiros e\/ou hardware de terceiros utilizado com o Servi\u00e7o, ou de outra forma relacionada com qualquer disposi\u00e7\u00e3o destes Termos), mesmo que a Empresa ou qualquer fornecedor tenha sido avisado da possibilidade de tais danos e mesmo que a solu\u00e7\u00e3o falhe no seu objetivo essencial.<\/p>\n\n<p>Alguns estados n\u00e3o permitem a exclus\u00e3o de garantias impl\u00edcitas ou a limita\u00e7\u00e3o de responsabilidade por danos acidentais ou consequenciais, o que significa que algumas das limita\u00e7\u00f5es acima podem n\u00e3o se aplicar. Nestes estados, a responsabilidade de cada parte ser\u00e1 limitada ao m\u00e1ximo permitido por lei. <\/p>\n\n<h2 class=\"wp-block-heading\">Exonera\u00e7\u00e3o de responsabilidade \u201ctal como est\u00e1\u201d e \u201cconforme dispon\u00edvel\u201d<\/h2>\n\n<p>O Servi\u00e7o \u00e9 fornecido ao Utilizador \u201cTAL COMO EST\u00c1\u201d e \u201cCONFORME DISPON\u00cdVEL\u201d e com todas as falhas e defeitos, sem qualquer tipo de garantia. Na medida m\u00e1xima permitida pela lei aplic\u00e1vel, a Empresa, em seu pr\u00f3prio nome e em nome das suas Afiliadas e dos seus respectivos licenciantes e fornecedores de servi\u00e7os, renuncia expressamente a todas as garantias, quer expressas, impl\u00edcitas, estatut\u00e1rias ou outras, relativamente ao Servi\u00e7o, incluindo todas as garantias impl\u00edcitas de comercializa\u00e7\u00e3o, adequa\u00e7\u00e3o a um determinado fim, t\u00edtulo e n\u00e3o infra\u00e7\u00e3o, e garantias que possam surgir do decurso da negocia\u00e7\u00e3o, decurso do desempenho, utiliza\u00e7\u00e3o ou pr\u00e1tica comercial. Sem limita\u00e7\u00e3o do que precede, a Empresa n\u00e3o fornece qualquer garantia ou compromisso, e n\u00e3o faz qualquer representa\u00e7\u00e3o de qualquer tipo de que o Servi\u00e7o ir\u00e1 satisfazer os seus requisitos, alcan\u00e7ar quaisquer resultados pretendidos, ser compat\u00edvel ou funcionar com qualquer outro software, aplica\u00e7\u00f5es, sistemas ou servi\u00e7os, funcionar sem interrup\u00e7\u00e3o, cumprir quaisquer padr\u00f5es de desempenho ou fiabilidade ou estar isento de erros ou que quaisquer erros ou defeitos possam ou venham a ser corrigidos.  <\/p>\n\n<p>Sem limitar o que precede, nem a Empresa nem qualquer fornecedor da empresa faz qualquer representa\u00e7\u00e3o ou garantia de qualquer tipo, expressa ou impl\u00edcita: (i) quanto ao funcionamento ou disponibilidade do Servi\u00e7o, ou \u00e0 informa\u00e7\u00e3o, conte\u00fado e materiais ou produtos nele inclu\u00eddos; (ii) que o Servi\u00e7o ser\u00e1 ininterrupto ou isento de erros; (iii) quanto \u00e0 exatid\u00e3o, fiabilidade ou atualidade de qualquer informa\u00e7\u00e3o ou conte\u00fado fornecido atrav\u00e9s do Servi\u00e7o; ou (iv) que o Servi\u00e7o, os seus servidores, o conte\u00fado ou os e-mails enviados de ou em nome da Empresa est\u00e3o isentos de v\u00edrus, scripts, cavalos de Troia, worms, malware, bombas-rel\u00f3gio ou outros componentes prejudiciais.    <\/p>\n\n<p>Algumas jurisdi\u00e7\u00f5es n\u00e3o permitem a exclus\u00e3o de determinados tipos de garantias ou limita\u00e7\u00f5es aos direitos estatut\u00e1rios aplic\u00e1veis de um consumidor, pelo que algumas ou todas as exclus\u00f5es e limita\u00e7\u00f5es acima referidas poder\u00e3o n\u00e3o se aplicar ao Utilizador. Mas, nesse caso, as exclus\u00f5es e limita\u00e7\u00f5es estabelecidas nesta sec\u00e7\u00e3o ser\u00e3o aplicadas na maior medida poss\u00edvel ao abrigo da legisla\u00e7\u00e3o aplic\u00e1vel. <\/p>\n\n<h2 class=\"wp-block-heading\">Direito aplic\u00e1vel<\/h2>\n\n<p>As leis do Pa\u00eds, excluindo as suas regras de conflitos de leis, reger\u00e3o estes Termos e a utiliza\u00e7\u00e3o do Servi\u00e7o pelo Utilizador. A utiliza\u00e7\u00e3o da Aplica\u00e7\u00e3o pelo Utilizador pode tamb\u00e9m estar sujeita a outras leis locais, estatais, nacionais ou internacionais. <\/p>\n\n<h2 class=\"wp-block-heading\">Resolu\u00e7\u00e3o de lit\u00edgios<\/h2>\n\n<p>Se o Utilizador tiver alguma preocupa\u00e7\u00e3o ou lit\u00edgio sobre o Servi\u00e7o, o Utilizador concorda em tentar primeiro resolver o lit\u00edgio informalmente, contactando a Empresa.<\/p>\n\n<h2 class=\"wp-block-heading\">Para utilizadores da Uni\u00e3o Europeia (UE)<\/h2>\n\n<p>Se o Utilizador for um consumidor da Uni\u00e3o Europeia, beneficiar\u00e1 de todas as disposi\u00e7\u00f5es obrigat\u00f3rias da legisla\u00e7\u00e3o do pa\u00eds em que reside.<\/p>\n\n<h2 class=\"wp-block-heading\">Conformidade legal nos Estados Unidos<\/h2>\n\n<p>O utilizador declara e garante que (i) n\u00e3o est\u00e1 localizado num pa\u00eds sujeito ao embargo do governo dos Estados Unidos ou que tenha sido designado pelo governo dos Estados Unidos como um pa\u00eds \u201capoiante do terrorismo\u201d e (ii) n\u00e3o consta de nenhuma lista do governo dos Estados Unidos de partes proibidas ou restritas.  <\/p>\n\n<h2 class=\"wp-block-heading\">Divisibilidade e ren\u00fancia<\/h2>\n\n<h3 class=\"wp-block-heading\">Divisibilidade<\/h3>\n\n<p>Se qualquer disposi\u00e7\u00e3o das presentes Condi\u00e7\u00f5es for considerada inexequ\u00edvel ou inv\u00e1lida, essa disposi\u00e7\u00e3o ser\u00e1 alterada e interpretada de forma a atingir os objectivos dessa disposi\u00e7\u00e3o na maior medida poss\u00edvel ao abrigo da legisla\u00e7\u00e3o aplic\u00e1vel e as restantes disposi\u00e7\u00f5es continuar\u00e3o em pleno vigor e efeito.<\/p>\n\n<h3 class=\"wp-block-heading\">Ren\u00fancia<\/h3>\n\n<p>Exceto nos casos previstos no presente documento, o n\u00e3o exerc\u00edcio de um direito ou a n\u00e3o exig\u00eancia do cumprimento de uma obriga\u00e7\u00e3o ao abrigo das presentes Condi\u00e7\u00f5es n\u00e3o afectar\u00e1 a capacidade de uma parte para exercer esse direito ou exigir esse cumprimento em qualquer momento posterior, nem a ren\u00fancia a uma viola\u00e7\u00e3o constituir\u00e1 uma ren\u00fancia a qualquer viola\u00e7\u00e3o subsequente.<\/p>\n\n<h2 class=\"wp-block-heading\">Tradu\u00e7\u00e3o Interpreta\u00e7\u00e3o<\/h2>\n\n<p>Estes Termos e Condi\u00e7\u00f5es podem ter sido traduzidos se os tivermos disponibilizado ao Utilizador no nosso Servi\u00e7o. O utilizador concorda que o texto original em ingl\u00eas prevalecer\u00e1 em caso de lit\u00edgio. <\/p>\n\n<h2 class=\"wp-block-heading\">Altera\u00e7\u00f5es aos presentes Termos e Condi\u00e7\u00f5es<\/h2>\n\n<p>Reservamo-nos o direito, segundo o nosso crit\u00e9rio exclusivo, de modificar ou substituir estes Termos em qualquer altura. Se uma revis\u00e3o for material, envidaremos esfor\u00e7os razo\u00e1veis para fornecer um aviso pr\u00e9vio de pelo menos 30 dias antes de quaisquer novos termos entrarem em vigor. O que constitui uma altera\u00e7\u00e3o material ser\u00e1 determinado segundo o nosso crit\u00e9rio exclusivo.  <\/p>\n\n<p>Ao continuar a aceder ou a utilizar o Nosso Servi\u00e7o ap\u00f3s a entrada em vigor dessas revis\u00f5es, o Utilizador concorda em ficar vinculado aos termos revistos. Se o Utilizador n\u00e3o concordar com os novos termos, no todo ou em parte, deve deixar de utilizar o s\u00edtio Web e o Servi\u00e7o. <\/p>\n\n<h2 class=\"wp-block-heading\">Contactar-nos<\/h2>\n\n<p>Se tiver alguma d\u00favida sobre os presentes Termos e Condi\u00e7\u00f5es, pode contactar-nos:<\/p>\n\n<ul class=\"wp-block-list\">\n<li>Por correio eletr\u00f3nico: vpnlove.me.1@protonmail.com<\/li>\n\n\n\n<li>Visitando esta p\u00e1gina no nosso s\u00edtio Web: <a href=\"https:\/\/vpnlove.me\/contact-us\/\" target=\"_blank\" rel=\"noreferrer noopener\">https:\/\/vpnlove.me\/contact-us\/<\/a><\/li>\n<\/ul>\n\n<p><\/p>\n","protected":false},"excerpt":{"rendered":"<p>Termos e condi\u00e7\u00f5es \u00daltima atualiza\u00e7\u00e3o: 30 setembro, 2024 Leia atentamente estes termos e condi\u00e7\u00f5es antes de utilizar o nosso servi\u00e7o. Interpreta\u00e7\u00f5es e defini\u00e7\u00f5es Interpreta\u00e7\u00e3o Uma palavra com a primeira letra mai\u00fascula tem um significado definido, sob reserva das seguintes condi\u00e7\u00f5es. As defini\u00e7\u00f5es seguintes t\u00eam o mesmo significado, independentemente do facto de estarem no singular ou [&hellip;]<\/p>\n","protected":false},"author":1,"featured_media":0,"parent":0,"menu_order":0,"comment_status":"closed","ping_status":"closed","template":"","meta":{"_uag_custom_page_level_css":"","site-sidebar-layout":"default","site-content-layout":"","ast-site-content-layout":"default","site-content-style":"default","site-sidebar-style":"default","ast-global-header-display":"","ast-banner-title-visibility":"","ast-main-header-display":"","ast-hfb-above-header-display":"","ast-hfb-below-header-display":"","ast-hfb-mobile-header-display":"","site-post-title":"disabled","ast-breadcrumbs-content":"","ast-featured-img":"","footer-sml-layout":"","ast-disable-related-posts":"","theme-transparent-header-meta":"","adv-header-id-meta":"","stick-header-meta":"","header-above-stick-meta":"","header-main-stick-meta":"","header-below-stick-meta":"","astra-migrate-meta-layouts":"default","ast-page-background-enabled":"default","ast-page-background-meta":{"desktop":{"background-color":"","background-image":"","background-repeat":"repeat","background-position":"center center","background-size":"auto","background-attachment":"scroll","background-type":"","background-media":"","overlay-type":"","overlay-color":"","overlay-opacity":"","overlay-gradient":""},"tablet":{"background-color":"","background-image":"","background-repeat":"repeat","background-position":"center center","background-size":"auto","background-attachment":"scroll","background-type":"","background-media":"","overlay-type":"","overlay-color":"","overlay-opacity":"","overlay-gradient":""},"mobile":{"background-color":"","background-image":"","background-repeat":"repeat","background-position":"center center","background-size":"auto","background-attachment":"scroll","background-type":"","background-media":"","overlay-type":"","overlay-color":"","overlay-opacity":"","overlay-gradient":""}},"ast-content-background-meta":{"desktop":{"background-color":"var(--ast-global-color-4)","background-image":"","background-repeat":"repeat","background-position":"center center","background-size":"auto","background-attachment":"scroll","background-type":"","background-media":"","overlay-type":"","overlay-color":"","overlay-opacity":"","overlay-gradient":""},"tablet":{"background-color":"var(--ast-global-color-4)","background-image":"","background-repeat":"repeat","background-position":"center center","background-size":"auto","background-attachment":"scroll","background-type":"","background-media":"","overlay-type":"","overlay-color":"","overlay-opacity":"","overlay-gradient":""},"mobile":{"background-color":"var(--ast-global-color-4)","background-image":"","background-repeat":"repeat","background-position":"center center","background-size":"auto","background-attachment":"scroll","background-type":"","background-media":"","overlay-type":"","overlay-color":"","overlay-opacity":"","overlay-gradient":""}},"footnotes":""},"class_list":["post-4274","page","type-page","status-publish","hentry"],"uagb_featured_image_src":{"full":false,"thumbnail":false,"medium":false,"medium_large":false,"large":false,"1536x1536":false,"2048x2048":false},"uagb_author_info":{"display_name":"admin","author_link":"https:\/\/vpnlove.me\/pt-pt\/author\/admin\/"},"uagb_comment_info":0,"uagb_excerpt":"Termos e condi\u00e7\u00f5es \u00daltima atualiza\u00e7\u00e3o: 30 setembro, 2024 Leia atentamente estes termos e condi\u00e7\u00f5es antes de utilizar o nosso servi\u00e7o. Interpreta\u00e7\u00f5es e defini\u00e7\u00f5es Interpreta\u00e7\u00e3o Uma palavra com a primeira letra mai\u00fascula tem um significado definido, sob reserva das seguintes condi\u00e7\u00f5es. As defini\u00e7\u00f5es seguintes t\u00eam o mesmo significado, independentemente do facto de estarem no singular ou&hellip;","_links":{"self":[{"href":"https:\/\/vpnlove.me\/pt-pt\/wp-json\/wp\/v2\/pages\/4274","targetHints":{"allow":["GET"]}}],"collection":[{"href":"https:\/\/vpnlove.me\/pt-pt\/wp-json\/wp\/v2\/pages"}],"about":[{"href":"https:\/\/vpnlove.me\/pt-pt\/wp-json\/wp\/v2\/types\/page"}],"author":[{"embeddable":true,"href":"https:\/\/vpnlove.me\/pt-pt\/wp-json\/wp\/v2\/users\/1"}],"replies":[{"embeddable":true,"href":"https:\/\/vpnlove.me\/pt-pt\/wp-json\/wp\/v2\/comments?post=4274"}],"version-history":[{"count":1,"href":"https:\/\/vpnlove.me\/pt-pt\/wp-json\/wp\/v2\/pages\/4274\/revisions"}],"predecessor-version":[{"id":4275,"href":"https:\/\/vpnlove.me\/pt-pt\/wp-json\/wp\/v2\/pages\/4274\/revisions\/4275"}],"wp:attachment":[{"href":"https:\/\/vpnlove.me\/pt-pt\/wp-json\/wp\/v2\/media?parent=4274"}],"curies":[{"name":"wp","href":"https:\/\/api.w.org\/{rel}","templated":true}]}}