{"id":3906,"date":"2024-10-15T10:48:09","date_gmt":"2024-10-15T10:48:09","guid":{"rendered":"https:\/\/vpnlove.me\/blog\/"},"modified":"2024-10-15T10:48:10","modified_gmt":"2024-10-15T10:48:10","slug":"blog","status":"publish","type":"page","link":"https:\/\/vpnlove.me\/tr\/blog\/","title":{"rendered":"Blog"},"content":{"rendered":"\n<div class=\"wp-block-uagb-container uagb-block-a9de8738 alignfull uagb-is-root-container\"><div class=\"uagb-container-inner-blocks-wrap\">\n<div class=\"wp-block-uagb-advanced-heading uagb-block-44c41ad3\"><h1 class=\"uagb-heading-text\">Blog<\/h1><\/div>\n<\/div><\/div>\n\n<div class=\"wp-block-uagb-container uagb-block-6ff3adc4 alignfull uagb-is-root-container\"><div class=\"uagb-container-inner-blocks-wrap\">\n<p class=\"has-text-align-center\" style=\"font-size:18px\">En son VPN trendlerini inceledi\u011fimiz blog yaz\u0131lar\u0131m\u0131zdan haberdar olun,<br\/>gizlilik ipu\u00e7lar\u0131 ve derinlemesine hizmet incelemeleri, g\u00fcvenli ve emniyetli bir \u015fekilde s\u00f6rf yapman\u0131z\u0131 sa\u011flar.<\/p>\n\n\n\n\t\t\t<div class=\"wp-block-uagb-post-grid uagb-post-grid  uagb-post__image-position-top uagb-post__image-enabled uagb-block-c3c5e18d     uagb-post__items uagb-post__columns-3 is-grid uagb-post__columns-tablet-2 uagb-post__columns-mobile-1 uagb-post__equal-height\" data-total=\"36\" style=\"\">\n\n\t\t\t\t\t\t\t\t\t\t\t\t<article class=\"uagb-post__inner-wrap\">\t\t\t\t\t\t\t\t<div class='uagb-post__image'>\n\t\t\t\t\t\t\t\t\t<a href=\"https:\/\/vpnlove.me\/tr\/2026-yilinda-uzaktan-calisma-icin-en-iyi-vpnler-baglantinizi-guvenli-hale-getirin-ve-verilerinizi-koruyun\/\" target=\"_self\" rel=\"bookmark noopener noreferrer\" class='uagb-image-ratio-2-3'><img fetchpriority=\"high\" decoding=\"async\" width=\"1024\" height=\"683\" src=\"https:\/\/vpnlove.me\/wp-content\/uploads\/2026\/02\/VPNs-for-Remote-Work-1024x683.jpg\" class=\"attachment-large size-large\" alt=\"Man relaxing on a patio with a laptop, seated barefoot in a chair, overlooking a bright blue sea. Scene conveys tranquility and productivity.\" srcset=\"https:\/\/vpnlove.me\/wp-content\/uploads\/2026\/02\/VPNs-for-Remote-Work-1024x683.jpg 1024w, https:\/\/vpnlove.me\/wp-content\/uploads\/2026\/02\/VPNs-for-Remote-Work-300x200.jpg 300w, https:\/\/vpnlove.me\/wp-content\/uploads\/2026\/02\/VPNs-for-Remote-Work-768x512.jpg 768w, https:\/\/vpnlove.me\/wp-content\/uploads\/2026\/02\/VPNs-for-Remote-Work-1536x1024.jpg 1536w, https:\/\/vpnlove.me\/wp-content\/uploads\/2026\/02\/VPNs-for-Remote-Work-2048x1365.jpg 2048w\" sizes=\"(max-width: 1024px) 100vw, 1024px\" \/>\t\t\t\t\t<\/a>\n\t\t\t\t\t\t\t<\/div>\n\t\t\t\t\t\t<h4 class=\"uagb-post__title uagb-post__text\">\n\t\t\t\t<a href=\"https:\/\/vpnlove.me\/tr\/2026-yilinda-uzaktan-calisma-icin-en-iyi-vpnler-baglantinizi-guvenli-hale-getirin-ve-verilerinizi-koruyun\/\" target=\"_self\" rel=\"bookmark noopener noreferrer\">2026 Y\u0131l\u0131nda Uzaktan \u00c7al\u0131\u015fma \u0130\u00e7in En \u0130yi VPN&#8217;ler: Ba\u011flant\u0131n\u0131z\u0131 G\u00fcvenli Hale Getirin ve Verilerinizi Koruyun<\/a>\n\t\t\t<\/h4>\n\t\t\t\t\t\t<div class='uagb-post__text uagb-post-grid-byline'>\n\t\t\t\t\t\t\t\t<span class=\"uagb-post__author\">\n\t\t\t\t\t\t\t\t\t<a href=\"https:\/\/vpnlove.me\/tr\/author\/admin\/\" title=\"admin taraf\u0131ndan yaz\u0131lan yaz\u0131lar\" rel=\"author\">admin<\/a>\t\t\t\t<\/span>\n\t\t\t\t\t\t\t<time datetime=\"2026-03-17T06:09:29+00:00\" class=\"uagb-post__date\">\n\t\t\t\t\t\t\t\t\t17 Mart 2026\t\t\t\t<\/time>\n\t\t\t\t\t\t<\/div>\n\t\t\t\t\t\t\t<div class='uagb-post__text uagb-post__excerpt'>\n\t\t\t\t\t<p>2026 Y\u0131l\u0131nda Uzaktan \u00c7al\u0131\u015fma \u0130\u00e7in En \u0130yi VPN&#8217;ler: Ba\u011flant\u0131n\u0131z\u0131 G\u00fcvenli Hale Getirin ve Verilerinizi Koruyun&#8230;\t\t\t\t<\/div>\n\t\t\t\t\t\t<div class=\"uagb-post__text uagb-post__cta wp-block-button\">\n\t\t\t\t<a class=\"wp-block-button__link uagb-text-link\" style=\"\" href=\"https:\/\/vpnlove.me\/tr\/2026-yilinda-uzaktan-calisma-icin-en-iyi-vpnler-baglantinizi-guvenli-hale-getirin-ve-verilerinizi-koruyun\/\" target=\"_self\" rel=\"bookmark noopener noreferrer\">Read More<\/a>\n\t\t\t<\/div>\n\t\t\t\n\t\t\t\t\t\t\t\t\t<\/article>\n\t\t\t\t\t\t\t\t\t\t\t\t\t\t\t\t<article class=\"uagb-post__inner-wrap\">\t\t\t\t\t\t\t\t<div class='uagb-post__image'>\n\t\t\t\t\t\t\t\t\t<a href=\"https:\/\/vpnlove.me\/tr\/raspberry-pide-guvenli-internet-gezinme-ve-yayin-akisi-icin-vpn-nasil-kurulur\/\" target=\"_self\" rel=\"bookmark noopener noreferrer\" class='uagb-image-ratio-2-3'><img decoding=\"async\" width=\"1024\" height=\"640\" src=\"https:\/\/vpnlove.me\/wp-content\/uploads\/2026\/02\/Raspberry-Pi-VPN-for-network-security-1024x640.jpg\" class=\"attachment-large size-large\" alt=\"Hardware and software requirements for Raspberry Pi VPN\" srcset=\"https:\/\/vpnlove.me\/wp-content\/uploads\/2026\/02\/Raspberry-Pi-VPN-for-network-security-1024x640.jpg 1024w, https:\/\/vpnlove.me\/wp-content\/uploads\/2026\/02\/Raspberry-Pi-VPN-for-network-security-300x188.jpg 300w, https:\/\/vpnlove.me\/wp-content\/uploads\/2026\/02\/Raspberry-Pi-VPN-for-network-security-768x480.jpg 768w, https:\/\/vpnlove.me\/wp-content\/uploads\/2026\/02\/Raspberry-Pi-VPN-for-network-security-1536x960.jpg 1536w, https:\/\/vpnlove.me\/wp-content\/uploads\/2026\/02\/Raspberry-Pi-VPN-for-network-security-2048x1280.jpg 2048w\" sizes=\"(max-width: 1024px) 100vw, 1024px\" \/>\t\t\t\t\t<\/a>\n\t\t\t\t\t\t\t<\/div>\n\t\t\t\t\t\t<h4 class=\"uagb-post__title uagb-post__text\">\n\t\t\t\t<a href=\"https:\/\/vpnlove.me\/tr\/raspberry-pide-guvenli-internet-gezinme-ve-yayin-akisi-icin-vpn-nasil-kurulur\/\" target=\"_self\" rel=\"bookmark noopener noreferrer\">Raspberry Pi&#8217;de G\u00fcvenli \u0130nternet Gezinme ve Yay\u0131n Ak\u0131\u015f\u0131 i\u00e7in VPN Nas\u0131l Kurulur?<\/a>\n\t\t\t<\/h4>\n\t\t\t\t\t\t<div class='uagb-post__text uagb-post-grid-byline'>\n\t\t\t\t\t\t\t\t<span class=\"uagb-post__author\">\n\t\t\t\t\t\t\t\t\t<a href=\"https:\/\/vpnlove.me\/tr\/author\/admin\/\" title=\"admin taraf\u0131ndan yaz\u0131lan yaz\u0131lar\" rel=\"author\">admin<\/a>\t\t\t\t<\/span>\n\t\t\t\t\t\t\t<time datetime=\"2026-03-12T21:54:40+00:00\" class=\"uagb-post__date\">\n\t\t\t\t\t\t\t\t\t12 Mart 2026\t\t\t\t<\/time>\n\t\t\t\t\t\t<\/div>\n\t\t\t\t\t\t\t<div class='uagb-post__text uagb-post__excerpt'>\n\t\t\t\t\tPiVPN ve WireGuard kullanarak Raspberry Pi \u00fczerinde VPN kurulumunu \u00f6\u011frenin. Bu k\u0131lavuz, gereksinimleri, kurulumu, y\u00f6nlendirici&#8230;\t\t\t\t<\/div>\n\t\t\t\t\t\t<div class=\"uagb-post__text uagb-post__cta wp-block-button\">\n\t\t\t\t<a class=\"wp-block-button__link uagb-text-link\" style=\"\" href=\"https:\/\/vpnlove.me\/tr\/raspberry-pide-guvenli-internet-gezinme-ve-yayin-akisi-icin-vpn-nasil-kurulur\/\" target=\"_self\" rel=\"bookmark noopener noreferrer\">Read More<\/a>\n\t\t\t<\/div>\n\t\t\t\n\t\t\t\t\t\t\t\t\t<\/article>\n\t\t\t\t\t\t\t\t\t\t\t\t\t\t\t\t<article class=\"uagb-post__inner-wrap\">\t\t\t\t\t\t\t\t<div class='uagb-post__image'>\n\t\t\t\t\t\t\t\t\t<a href=\"https:\/\/vpnlove.me\/tr\/guvenli-cevrimici-yedekleme-ve-bulut-depolama-icin-vpn-kullanimi\/\" target=\"_self\" rel=\"bookmark noopener noreferrer\" class='uagb-image-ratio-2-3'><img decoding=\"async\" width=\"1024\" height=\"640\" src=\"https:\/\/vpnlove.me\/wp-content\/uploads\/2026\/02\/Cloud-backup-security-best-practices-1024x640.jpg\" class=\"attachment-large size-large\" alt=\"\" srcset=\"https:\/\/vpnlove.me\/wp-content\/uploads\/2026\/02\/Cloud-backup-security-best-practices-1024x640.jpg 1024w, https:\/\/vpnlove.me\/wp-content\/uploads\/2026\/02\/Cloud-backup-security-best-practices-300x188.jpg 300w, https:\/\/vpnlove.me\/wp-content\/uploads\/2026\/02\/Cloud-backup-security-best-practices-768x480.jpg 768w, https:\/\/vpnlove.me\/wp-content\/uploads\/2026\/02\/Cloud-backup-security-best-practices-1536x960.jpg 1536w, https:\/\/vpnlove.me\/wp-content\/uploads\/2026\/02\/Cloud-backup-security-best-practices-2048x1280.jpg 2048w\" sizes=\"(max-width: 1024px) 100vw, 1024px\" \/>\t\t\t\t\t<\/a>\n\t\t\t\t\t\t\t<\/div>\n\t\t\t\t\t\t<h4 class=\"uagb-post__title uagb-post__text\">\n\t\t\t\t<a href=\"https:\/\/vpnlove.me\/tr\/guvenli-cevrimici-yedekleme-ve-bulut-depolama-icin-vpn-kullanimi\/\" target=\"_self\" rel=\"bookmark noopener noreferrer\">G\u00fcvenli \u00c7evrimi\u00e7i Yedekleme ve Bulut Depolama i\u00e7in VPN Kullan\u0131m\u0131<\/a>\n\t\t\t<\/h4>\n\t\t\t\t\t\t<div class='uagb-post__text uagb-post-grid-byline'>\n\t\t\t\t\t\t\t\t<span class=\"uagb-post__author\">\n\t\t\t\t\t\t\t\t\t<a href=\"https:\/\/vpnlove.me\/tr\/author\/admin\/\" title=\"admin taraf\u0131ndan yaz\u0131lan yaz\u0131lar\" rel=\"author\">admin<\/a>\t\t\t\t<\/span>\n\t\t\t\t\t\t\t<time datetime=\"2026-03-11T08:40:14+00:00\" class=\"uagb-post__date\">\n\t\t\t\t\t\t\t\t\t11 Mart 2026\t\t\t\t<\/time>\n\t\t\t\t\t\t<\/div>\n\t\t\t\t\t\t\t<div class='uagb-post__text uagb-post__excerpt'>\n\t\t\t\t\t\u00c7evrimi\u00e7i yedeklemeler i\u00e7in VPN kullanmak, dosya aktar\u0131mlar\u0131 s\u0131ras\u0131nda \u015fifreli koruma sa\u011flar, izleme ve k\u0131s\u0131tlamay\u0131 azalt\u0131r&#8230;\t\t\t\t<\/div>\n\t\t\t\t\t\t<div class=\"uagb-post__text uagb-post__cta wp-block-button\">\n\t\t\t\t<a class=\"wp-block-button__link uagb-text-link\" style=\"\" href=\"https:\/\/vpnlove.me\/tr\/guvenli-cevrimici-yedekleme-ve-bulut-depolama-icin-vpn-kullanimi\/\" target=\"_self\" rel=\"bookmark noopener noreferrer\">Read More<\/a>\n\t\t\t<\/div>\n\t\t\t\n\t\t\t\t\t\t\t\t\t<\/article>\n\t\t\t\t\t\t\t\t\t\t\t<\/div>\n\t\t\t<\/div><\/div>\n","protected":false},"excerpt":{"rendered":"<p>Blog En son VPN trendlerini inceledi\u011fimiz blog yaz\u0131lar\u0131m\u0131zdan haberdar olun,gizlilik ipu\u00e7lar\u0131 ve derinlemesine hizmet incelemeleri, g\u00fcvenli ve emniyetli bir \u015fekilde s\u00f6rf yapman\u0131z\u0131 sa\u011flar.<\/p>\n","protected":false},"author":1,"featured_media":0,"parent":0,"menu_order":0,"comment_status":"closed","ping_status":"closed","template":"","meta":{"_uag_custom_page_level_css":"","site-sidebar-layout":"no-sidebar","site-content-layout":"plain-container","ast-site-content-layout":"normal-width-container","site-content-style":"unboxed","site-sidebar-style":"unboxed","ast-global-header-display":"","ast-banner-title-visibility":"","ast-main-header-display":"","ast-hfb-above-header-display":"","ast-hfb-below-header-display":"","ast-hfb-mobile-header-display":"","site-post-title":"disabled","ast-breadcrumbs-content":"","ast-featured-img":"disabled","footer-sml-layout":"","ast-disable-related-posts":"","theme-transparent-header-meta":"default","adv-header-id-meta":"","stick-header-meta":"","header-above-stick-meta":"","header-main-stick-meta":"","header-below-stick-meta":"","astra-migrate-meta-layouts":"default","ast-page-background-enabled":"default","ast-page-background-meta":{"desktop":{"background-color":"","background-image":"","background-repeat":"repeat","background-position":"center center","background-size":"auto","background-attachment":"scroll","background-type":"","background-media":"","overlay-type":"","overlay-color":"","overlay-opacity":"","overlay-gradient":""},"tablet":{"background-color":"","background-image":"","background-repeat":"repeat","background-position":"center center","background-size":"auto","background-attachment":"scroll","background-type":"","background-media":"","overlay-type":"","overlay-color":"","overlay-opacity":"","overlay-gradient":""},"mobile":{"background-color":"","background-image":"","background-repeat":"repeat","background-position":"center center","background-size":"auto","background-attachment":"scroll","background-type":"","background-media":"","overlay-type":"","overlay-color":"","overlay-opacity":"","overlay-gradient":""}},"ast-content-background-meta":{"desktop":{"background-color":"var(--ast-global-color-4)","background-image":"","background-repeat":"repeat","background-position":"center center","background-size":"auto","background-attachment":"scroll","background-type":"","background-media":"","overlay-type":"","overlay-color":"","overlay-opacity":"","overlay-gradient":""},"tablet":{"background-color":"var(--ast-global-color-4)","background-image":"","background-repeat":"repeat","background-position":"center center","background-size":"auto","background-attachment":"scroll","background-type":"","background-media":"","overlay-type":"","overlay-color":"","overlay-opacity":"","overlay-gradient":""},"mobile":{"background-color":"var(--ast-global-color-4)","background-image":"","background-repeat":"repeat","background-position":"center center","background-size":"auto","background-attachment":"scroll","background-type":"","background-media":"","overlay-type":"","overlay-color":"","overlay-opacity":"","overlay-gradient":""}},"footnotes":""},"class_list":["post-3906","page","type-page","status-publish","hentry"],"uagb_featured_image_src":{"full":false,"thumbnail":false,"medium":false,"medium_large":false,"large":false,"1536x1536":false,"2048x2048":false},"uagb_author_info":{"display_name":"admin","author_link":"https:\/\/vpnlove.me\/tr\/author\/admin\/"},"uagb_comment_info":0,"uagb_excerpt":"Blog En son VPN trendlerini inceledi\u011fimiz blog yaz\u0131lar\u0131m\u0131zdan haberdar olun,gizlilik ipu\u00e7lar\u0131 ve derinlemesine hizmet incelemeleri, g\u00fcvenli ve emniyetli bir \u015fekilde s\u00f6rf yapman\u0131z\u0131 sa\u011flar.","_links":{"self":[{"href":"https:\/\/vpnlove.me\/tr\/wp-json\/wp\/v2\/pages\/3906","targetHints":{"allow":["GET"]}}],"collection":[{"href":"https:\/\/vpnlove.me\/tr\/wp-json\/wp\/v2\/pages"}],"about":[{"href":"https:\/\/vpnlove.me\/tr\/wp-json\/wp\/v2\/types\/page"}],"author":[{"embeddable":true,"href":"https:\/\/vpnlove.me\/tr\/wp-json\/wp\/v2\/users\/1"}],"replies":[{"embeddable":true,"href":"https:\/\/vpnlove.me\/tr\/wp-json\/wp\/v2\/comments?post=3906"}],"version-history":[{"count":1,"href":"https:\/\/vpnlove.me\/tr\/wp-json\/wp\/v2\/pages\/3906\/revisions"}],"predecessor-version":[{"id":3907,"href":"https:\/\/vpnlove.me\/tr\/wp-json\/wp\/v2\/pages\/3906\/revisions\/3907"}],"wp:attachment":[{"href":"https:\/\/vpnlove.me\/tr\/wp-json\/wp\/v2\/media?parent=3906"}],"curies":[{"name":"wp","href":"https:\/\/api.w.org\/{rel}","templated":true}]}}